{"id":12086,"date":"2018-10-09T12:55:48","date_gmt":"2018-10-09T12:55:48","guid":{"rendered":"https:\/\/tahtaligrup.com\/insaat\/?page_id=12086"},"modified":"2018-10-18T14:28:01","modified_gmt":"2018-10-18T11:28:01","slug":"tahtalipark-dis-gorseller","status":"publish","type":"page","link":"https:\/\/tahtaligrup.com\/insaat\/tahtalipark-dis-gorseller\/","title":{"rendered":"Tahtal\u0131 Park Evleri &#8211; D\u0131\u015f G\u00f6rseller"},"content":{"rendered":"<div id=\"pl-12086\"  class=\"panel-layout\" ><div id=\"pg-12086-0\"  class=\"panel-grid panel-no-style\" ><div id=\"pgc-12086-0-0\"  class=\"panel-grid-cell\" ><div id=\"panel-12086-0-0-0\" class=\"so-panel widget widget_sow-editor panel-first-child panel-last-child\" data-index=\"0\" ><div class=\"animate animate-1 panel-widget-style panel-widget-style-for-12086-0-0-0\" ><div\n\t\t\t\n\t\t\tclass=\"so-widget-sow-editor so-widget-sow-editor-base\"\n\t\t\t\n\t\t>\n<div class=\"siteorigin-widget-tinymce textwidget\">\n\t<h2 style=\"text-align: center;\"><strong>D\u0131\u015f G\u00f6rseller.<\/strong><\/h2>\n<div class=\"dash centered style-dark\"><\/div>\n<\/div>\n<\/div><\/div><\/div><\/div><\/div><div id=\"pg-12086-1\"  class=\"panel-grid panel-has-style\" ><div class=\"panel-row-style panel-row-style-for-12086-1\" ><div id=\"pgc-12086-1-0\"  class=\"panel-grid-cell\" ><div id=\"panel-12086-1-0-0\" class=\"so-panel widget widget_sow-editor panel-first-child panel-last-child\" data-index=\"1\" ><div class=\"animate animate-1 panel-widget-style panel-widget-style-for-12086-1-0-0\" ><div\n\t\t\t\n\t\t\tclass=\"so-widget-sow-editor so-widget-sow-editor-base\"\n\t\t\t\n\t\t>\n<div class=\"siteorigin-widget-tinymce textwidget\">\n\t<div id='gallery-1' class='gallery galleryid-12086 gallery-columns-4 gallery-size-medium'><figure class='gallery-item'>\n\t\t\t<div class='gallery-icon landscape'>\n\t\t\t\t<a href='https:\/\/tahtaligrup.com\/insaat\/wp-content\/uploads\/2018\/10\/disgorseller1.jpg'><img loading=\"lazy\" decoding=\"async\" width=\"300\" height=\"300\" src=\"https:\/\/tahtaligrup.com\/insaat\/wp-content\/uploads\/2018\/10\/disgorseller1-300x300.jpg\" class=\"attachment-medium size-medium\" alt=\"\" srcset=\"https:\/\/tahtaligrup.com\/insaat\/wp-content\/uploads\/2018\/10\/disgorseller1-300x300.jpg 300w, https:\/\/tahtaligrup.com\/insaat\/wp-content\/uploads\/2018\/10\/disgorseller1-100x100.jpg 100w, https:\/\/tahtaligrup.com\/insaat\/wp-content\/uploads\/2018\/10\/disgorseller1-150x150.jpg 150w, https:\/\/tahtaligrup.com\/insaat\/wp-content\/uploads\/2018\/10\/disgorseller1-72x72.jpg 72w, https:\/\/tahtaligrup.com\/insaat\/wp-content\/uploads\/2018\/10\/disgorseller1-480x480.jpg 480w\" sizes=\"auto, (max-width: 300px) 100vw, 300px\" \/><\/a>\n\t\t\t<\/div><\/figure><figure class='gallery-item'>\n\t\t\t<div class='gallery-icon landscape'>\n\t\t\t\t<a href='https:\/\/tahtaligrup.com\/insaat\/wp-content\/uploads\/2018\/10\/disgorseller4.jpg'><img loading=\"lazy\" decoding=\"async\" width=\"300\" height=\"300\" src=\"https:\/\/tahtaligrup.com\/insaat\/wp-content\/uploads\/2018\/10\/disgorseller4-300x300.jpg\" class=\"attachment-medium size-medium\" alt=\"\" srcset=\"https:\/\/tahtaligrup.com\/insaat\/wp-content\/uploads\/2018\/10\/disgorseller4-300x300.jpg 300w, https:\/\/tahtaligrup.com\/insaat\/wp-content\/uploads\/2018\/10\/disgorseller4-100x100.jpg 100w, https:\/\/tahtaligrup.com\/insaat\/wp-content\/uploads\/2018\/10\/disgorseller4-150x150.jpg 150w, https:\/\/tahtaligrup.com\/insaat\/wp-content\/uploads\/2018\/10\/disgorseller4-72x72.jpg 72w, https:\/\/tahtaligrup.com\/insaat\/wp-content\/uploads\/2018\/10\/disgorseller4-480x480.jpg 480w\" sizes=\"auto, (max-width: 300px) 100vw, 300px\" \/><\/a>\n\t\t\t<\/div><\/figure><figure class='gallery-item'>\n\t\t\t<div class='gallery-icon landscape'>\n\t\t\t\t<a href='https:\/\/tahtaligrup.com\/insaat\/wp-content\/uploads\/2018\/10\/disgorseller5.jpg'><img loading=\"lazy\" decoding=\"async\" width=\"300\" height=\"300\" src=\"https:\/\/tahtaligrup.com\/insaat\/wp-content\/uploads\/2018\/10\/disgorseller5-300x300.jpg\" class=\"attachment-medium size-medium\" alt=\"\" srcset=\"https:\/\/tahtaligrup.com\/insaat\/wp-content\/uploads\/2018\/10\/disgorseller5-300x300.jpg 300w, https:\/\/tahtaligrup.com\/insaat\/wp-content\/uploads\/2018\/10\/disgorseller5-100x100.jpg 100w, https:\/\/tahtaligrup.com\/insaat\/wp-content\/uploads\/2018\/10\/disgorseller5-150x150.jpg 150w, https:\/\/tahtaligrup.com\/insaat\/wp-content\/uploads\/2018\/10\/disgorseller5-72x72.jpg 72w, https:\/\/tahtaligrup.com\/insaat\/wp-content\/uploads\/2018\/10\/disgorseller5-480x480.jpg 480w\" sizes=\"auto, (max-width: 300px) 100vw, 300px\" \/><\/a>\n\t\t\t<\/div><\/figure><figure class='gallery-item'>\n\t\t\t<div class='gallery-icon landscape'>\n\t\t\t\t<a href='https:\/\/tahtaligrup.com\/insaat\/wp-content\/uploads\/2018\/10\/disgorseller6.jpg'><img loading=\"lazy\" decoding=\"async\" width=\"300\" height=\"300\" src=\"https:\/\/tahtaligrup.com\/insaat\/wp-content\/uploads\/2018\/10\/disgorseller6-300x300.jpg\" class=\"attachment-medium size-medium\" alt=\"\" srcset=\"https:\/\/tahtaligrup.com\/insaat\/wp-content\/uploads\/2018\/10\/disgorseller6-300x300.jpg 300w, https:\/\/tahtaligrup.com\/insaat\/wp-content\/uploads\/2018\/10\/disgorseller6-100x100.jpg 100w, https:\/\/tahtaligrup.com\/insaat\/wp-content\/uploads\/2018\/10\/disgorseller6-150x150.jpg 150w, https:\/\/tahtaligrup.com\/insaat\/wp-content\/uploads\/2018\/10\/disgorseller6-72x72.jpg 72w, https:\/\/tahtaligrup.com\/insaat\/wp-content\/uploads\/2018\/10\/disgorseller6-480x480.jpg 480w\" sizes=\"auto, (max-width: 300px) 100vw, 300px\" \/><\/a>\n\t\t\t<\/div><\/figure><figure class='gallery-item'>\n\t\t\t<div class='gallery-icon landscape'>\n\t\t\t\t<a href='https:\/\/tahtaligrup.com\/insaat\/wp-content\/uploads\/2018\/10\/disgorseller8.jpg'><img loading=\"lazy\" decoding=\"async\" width=\"300\" height=\"300\" src=\"https:\/\/tahtaligrup.com\/insaat\/wp-content\/uploads\/2018\/10\/disgorseller8-300x300.jpg\" class=\"attachment-medium size-medium\" alt=\"\" srcset=\"https:\/\/tahtaligrup.com\/insaat\/wp-content\/uploads\/2018\/10\/disgorseller8-300x300.jpg 300w, https:\/\/tahtaligrup.com\/insaat\/wp-content\/uploads\/2018\/10\/disgorseller8-100x100.jpg 100w, https:\/\/tahtaligrup.com\/insaat\/wp-content\/uploads\/2018\/10\/disgorseller8-150x150.jpg 150w, https:\/\/tahtaligrup.com\/insaat\/wp-content\/uploads\/2018\/10\/disgorseller8-72x72.jpg 72w, https:\/\/tahtaligrup.com\/insaat\/wp-content\/uploads\/2018\/10\/disgorseller8-480x480.jpg 480w\" sizes=\"auto, (max-width: 300px) 100vw, 300px\" \/><\/a>\n\t\t\t<\/div><\/figure><figure class='gallery-item'>\n\t\t\t<div class='gallery-icon landscape'>\n\t\t\t\t<a href='https:\/\/tahtaligrup.com\/insaat\/wp-content\/uploads\/2018\/10\/disgorseller10.jpg'><img loading=\"lazy\" decoding=\"async\" width=\"300\" height=\"300\" src=\"https:\/\/tahtaligrup.com\/insaat\/wp-content\/uploads\/2018\/10\/disgorseller10-300x300.jpg\" class=\"attachment-medium size-medium\" alt=\"\" srcset=\"https:\/\/tahtaligrup.com\/insaat\/wp-content\/uploads\/2018\/10\/disgorseller10-300x300.jpg 300w, https:\/\/tahtaligrup.com\/insaat\/wp-content\/uploads\/2018\/10\/disgorseller10-100x100.jpg 100w, https:\/\/tahtaligrup.com\/insaat\/wp-content\/uploads\/2018\/10\/disgorseller10-150x150.jpg 150w, https:\/\/tahtaligrup.com\/insaat\/wp-content\/uploads\/2018\/10\/disgorseller10-72x72.jpg 72w, https:\/\/tahtaligrup.com\/insaat\/wp-content\/uploads\/2018\/10\/disgorseller10-480x480.jpg 480w\" sizes=\"auto, (max-width: 300px) 100vw, 300px\" \/><\/a>\n\t\t\t<\/div><\/figure><figure class='gallery-item'>\n\t\t\t<div class='gallery-icon landscape'>\n\t\t\t\t<a href='https:\/\/tahtaligrup.com\/insaat\/wp-content\/uploads\/2018\/10\/disgorseller11.jpg'><img loading=\"lazy\" decoding=\"async\" width=\"300\" height=\"300\" src=\"https:\/\/tahtaligrup.com\/insaat\/wp-content\/uploads\/2018\/10\/disgorseller11-300x300.jpg\" class=\"attachment-medium size-medium\" alt=\"\" srcset=\"https:\/\/tahtaligrup.com\/insaat\/wp-content\/uploads\/2018\/10\/disgorseller11-300x300.jpg 300w, https:\/\/tahtaligrup.com\/insaat\/wp-content\/uploads\/2018\/10\/disgorseller11-100x100.jpg 100w, https:\/\/tahtaligrup.com\/insaat\/wp-content\/uploads\/2018\/10\/disgorseller11-150x150.jpg 150w, https:\/\/tahtaligrup.com\/insaat\/wp-content\/uploads\/2018\/10\/disgorseller11-72x72.jpg 72w, https:\/\/tahtaligrup.com\/insaat\/wp-content\/uploads\/2018\/10\/disgorseller11-480x480.jpg 480w\" sizes=\"auto, (max-width: 300px) 100vw, 300px\" \/><\/a>\n\t\t\t<\/div><\/figure>\n\t\t<\/div>\n\n<\/div>\n<\/div><\/div><\/div><\/div><\/div><\/div><div id=\"pg-12086-2\"  class=\"panel-grid panel-no-style\" ><div id=\"pgc-12086-2-0\"  class=\"panel-grid-cell\" ><div id=\"panel-12086-2-0-0\" class=\"so-panel widget widget_sow-editor panel-first-child panel-last-child\" data-index=\"2\" ><div class=\"animate animate-1 panel-widget-style panel-widget-style-for-12086-2-0-0\" ><div\n\t\t\t\n\t\t\tclass=\"so-widget-sow-editor so-widget-sow-editor-base\"\n\t\t\t\n\t\t>\n<div class=\"siteorigin-widget-tinymce textwidget\">\n\t<h2 style=\"text-align: center;\"><strong>Di\u011fer G\u00f6rseller.<\/strong><\/h2>\n<div class=\"dash centered style-dark\"><\/div>\n<\/div>\n<\/div><\/div><\/div><\/div><\/div><div id=\"pg-12086-3\"  class=\"panel-grid panel-no-style\" ><div id=\"pgc-12086-3-0\"  class=\"panel-grid-cell\" ><div id=\"panel-12086-3-0-0\" class=\"so-panel widget widget_interico_image_box panel-first-child panel-last-child\" data-index=\"3\" ><div class=\"animate animate-1 panel-widget-style panel-widget-style-for-12086-3-0-0\" >\t\t\t\r\n\t\t\r\n\t\t<!-- Begin Service item -->\r\n\t\t\t<div class=\"content-box service-item alignment-centered service-box-default\">\r\n\t\t\t\t<a href=\"https:\/\/tahtaligrup.com\/insaat\/projeler\/mudanya-tahtali-park-evleri\/\">\r\n\t\t\t\t\t<div class=\"image-container\">\r\n\t\t\t\t\t\t\t\t\t\t\t\t<div class=\"arrow-box\"><span class=\"icon-arrow-right\"><\/span><\/div>\r\n\t\t\t\t\t\t\t\t\t\t\t\t\t<img decoding=\"async\" src=\"https:\/\/tahtaligrup.com\/insaat\/wp-content\/uploads\/2018\/10\/parkdis.jpg\" alt=\"Projeye D\u00f6n\">\r\n\t\t\t\t\t\t\t\t\t\t\t<\/div>\r\n\t\t\t\t\t<div class=\"content-box-info\">\r\n\t\t\t\t\t\t<h4 class=\"box-heading\">Projeye D\u00f6n<\/h4>\r\n\t\t\t\t\t\t\t\t\t\t\t\t\t\t\t\t\t<\/div>\r\n\t\t\t\t<\/a>\r\n\t\t\t<\/div>\r\n\t\t<!-- End Service item -->\t\r\n\r\n\t\t<\/div><\/div><\/div><div id=\"pgc-12086-3-1\"  class=\"panel-grid-cell\" ><div id=\"panel-12086-3-1-0\" class=\"so-panel widget widget_interico_image_box panel-first-child panel-last-child\" data-index=\"4\" ><div class=\"animate animate-2 panel-widget-style panel-widget-style-for-12086-3-1-0\" >\t\t\t\r\n\t\t\r\n\t\t<!-- Begin Service item -->\r\n\t\t\t<div class=\"content-box service-item alignment-centered service-box-default\">\r\n\t\t\t\t<a href=\"https:\/\/tahtaligrup.com\/insaat\/tahtalipark-ic-gorseller\/\">\r\n\t\t\t\t\t<div class=\"image-container\">\r\n\t\t\t\t\t\t\t\t\t\t\t\t<div class=\"arrow-box\"><span class=\"icon-arrow-right\"><\/span><\/div>\r\n\t\t\t\t\t\t\t\t\t\t\t\t\t<img decoding=\"async\" src=\"https:\/\/tahtaligrup.com\/insaat\/wp-content\/uploads\/2018\/10\/parkic.jpg\" alt=\"\u0130\u00e7 G\u00f6rseller\">\r\n\t\t\t\t\t\t\t\t\t\t\t<\/div>\r\n\t\t\t\t\t<div class=\"content-box-info\">\r\n\t\t\t\t\t\t<h4 class=\"box-heading\">\u0130\u00e7 G\u00f6rseller<\/h4>\r\n\t\t\t\t\t\t\t\t\t\t\t\t\t\t\t\t\t<\/div>\r\n\t\t\t\t<\/a>\r\n\t\t\t<\/div>\r\n\t\t<!-- End Service item -->\t\r\n\r\n\t\t<\/div><\/div><\/div><div id=\"pgc-12086-3-2\"  class=\"panel-grid-cell\" ><div id=\"panel-12086-3-2-0\" class=\"so-panel widget widget_interico_image_box panel-first-child panel-last-child\" data-index=\"5\" ><div class=\"animate animate-3 panel-widget-style panel-widget-style-for-12086-3-2-0\" >\t\t\t\r\n\t\t\r\n\t\t<!-- Begin Service item -->\r\n\t\t\t<div class=\"content-box service-item alignment-centered service-box-default\">\r\n\t\t\t\t<a href=\"https:\/\/tahtaligrup.com\/insaat\/tahtalipark-kat-planlari\/\">\r\n\t\t\t\t\t<div class=\"image-container\">\r\n\t\t\t\t\t\t\t\t\t\t\t\t<div class=\"arrow-box\"><span class=\"icon-arrow-right\"><\/span><\/div>\r\n\t\t\t\t\t\t\t\t\t\t\t\t\t<img decoding=\"async\" src=\"https:\/\/tahtaligrup.com\/insaat\/wp-content\/uploads\/2018\/10\/parkkp.jpg\" alt=\"Kat Planlar\u0131\">\r\n\t\t\t\t\t\t\t\t\t\t\t<\/div>\r\n\t\t\t\t\t<div class=\"content-box-info\">\r\n\t\t\t\t\t\t<h4 class=\"box-heading\">Kat Planlar\u0131<\/h4>\r\n\t\t\t\t\t\t\t\t\t\t\t\t\t\t\t\t\t<\/div>\r\n\t\t\t\t<\/a>\r\n\t\t\t<\/div>\r\n\t\t<!-- End Service item -->\t\r\n\r\n\t\t<\/div><\/div><\/div><div id=\"pgc-12086-3-3\"  class=\"panel-grid-cell\" ><div id=\"panel-12086-3-3-0\" class=\"so-panel widget widget_interico_image_box panel-first-child panel-last-child\" data-index=\"6\" ><div class=\"animate animate-4 panel-widget-style panel-widget-style-for-12086-3-3-0\" >\t\t\t\r\n\t\t\r\n\t\t<!-- Begin Service item -->\r\n\t\t\t<div class=\"content-box service-item alignment-centered service-box-default\">\r\n\t\t\t\t<a href=\"#\">\r\n\t\t\t\t\t<div class=\"image-container\">\r\n\t\t\t\t\t\t\t\t\t\t\t\t<div class=\"arrow-box\"><span class=\"icon-arrow-right\"><\/span><\/div>\r\n\t\t\t\t\t\t\t\t\t\t\t\t\t<img decoding=\"async\" src=\"https:\/\/tahtaligrup.com\/insaat\/wp-content\/uploads\/2018\/10\/parkdis.jpg\" alt=\"Katalog\">\r\n\t\t\t\t\t\t\t\t\t\t\t<\/div>\r\n\t\t\t\t\t<div class=\"content-box-info\">\r\n\t\t\t\t\t\t<h4 class=\"box-heading\">Katalog<\/h4>\r\n\t\t\t\t\t\t\t\t\t\t\t\t\t\t\t\t\t<\/div>\r\n\t\t\t\t<\/a>\r\n\t\t\t<\/div>\r\n\t\t<!-- End Service item -->\t\r\n\r\n\t\t<\/div><\/div><\/div><\/div><\/div>","protected":false},"excerpt":{"rendered":"<p>D\u0131\u015f G\u00f6rseller.<\/p>\n","protected":false},"author":1,"featured_media":0,"parent":0,"menu_order":0,"comment_status":"closed","ping_status":"closed","template":"","meta":{"footnotes":""},"class_list":["post-12086","page","type-page","status-publish","hentry"],"aioseo_notices":[],"_links":{"self":[{"href":"https:\/\/tahtaligrup.com\/insaat\/wp-json\/wp\/v2\/pages\/12086","targetHints":{"allow":["GET"]}}],"collection":[{"href":"https:\/\/tahtaligrup.com\/insaat\/wp-json\/wp\/v2\/pages"}],"about":[{"href":"https:\/\/tahtaligrup.com\/insaat\/wp-json\/wp\/v2\/types\/page"}],"author":[{"embeddable":true,"href":"https:\/\/tahtaligrup.com\/insaat\/wp-json\/wp\/v2\/users\/1"}],"replies":[{"embeddable":true,"href":"https:\/\/tahtaligrup.com\/insaat\/wp-json\/wp\/v2\/comments?post=12086"}],"version-history":[{"count":0,"href":"https:\/\/tahtaligrup.com\/insaat\/wp-json\/wp\/v2\/pages\/12086\/revisions"}],"wp:attachment":[{"href":"https:\/\/tahtaligrup.com\/insaat\/wp-json\/wp\/v2\/media?parent=12086"}],"curies":[{"name":"wp","href":"https:\/\/api.w.org\/{rel}","templated":true}]}}