{"id":12105,"date":"2018-10-09T13:17:07","date_gmt":"2018-10-09T13:17:07","guid":{"rendered":"https:\/\/tahtaligrup.com\/insaat\/?page_id=12105"},"modified":"2018-10-09T14:13:31","modified_gmt":"2018-10-09T14:13:31","slug":"tahtalipark-ic-gorseller","status":"publish","type":"page","link":"https:\/\/tahtaligrup.com\/insaat\/tahtalipark-ic-gorseller\/","title":{"rendered":"Tahtal\u0131 Park Evleri &#8211; \u0130\u00e7 G\u00f6rseller"},"content":{"rendered":"<div id=\"pl-12105\"  class=\"panel-layout\" ><div id=\"pg-12105-0\"  class=\"panel-grid panel-no-style\" ><div id=\"pgc-12105-0-0\"  class=\"panel-grid-cell\" ><div id=\"panel-12105-0-0-0\" class=\"so-panel widget widget_sow-editor panel-first-child panel-last-child\" data-index=\"0\" ><div class=\"animate animate-1 panel-widget-style panel-widget-style-for-12105-0-0-0\" ><div\n\t\t\t\n\t\t\tclass=\"so-widget-sow-editor so-widget-sow-editor-base\"\n\t\t\t\n\t\t>\n<div class=\"siteorigin-widget-tinymce textwidget\">\n\t<p>&nbsp;<\/p>\n<h2 style=\"text-align: center;\"><strong>\u0130\u00e7 G\u00f6rseller.<\/strong><\/h2>\n<div class=\"dash centered style-dark\"><\/div>\n<\/div>\n<\/div><\/div><\/div><\/div><\/div><div id=\"pg-12105-1\"  class=\"panel-grid panel-has-style\" ><div class=\"panel-row-style panel-row-style-for-12105-1\" ><div id=\"pgc-12105-1-0\"  class=\"panel-grid-cell\" ><div id=\"panel-12105-1-0-0\" class=\"so-panel widget widget_sow-editor panel-first-child panel-last-child\" data-index=\"1\" ><div class=\"animate animate-1 panel-widget-style panel-widget-style-for-12105-1-0-0\" ><div\n\t\t\t\n\t\t\tclass=\"so-widget-sow-editor so-widget-sow-editor-base\"\n\t\t\t\n\t\t>\n<div class=\"siteorigin-widget-tinymce textwidget\">\n\t<div id='gallery-1' class='gallery galleryid-12105 gallery-columns-4 gallery-size-medium'><figure class='gallery-item'>\n\t\t\t<div class='gallery-icon landscape'>\n\t\t\t\t<a href='https:\/\/tahtaligrup.com\/insaat\/wp-content\/uploads\/2018\/10\/icgorseller1.jpg'><img loading=\"lazy\" decoding=\"async\" width=\"300\" height=\"300\" src=\"https:\/\/tahtaligrup.com\/insaat\/wp-content\/uploads\/2018\/10\/icgorseller1-300x300.jpg\" class=\"attachment-medium size-medium\" alt=\"\" srcset=\"https:\/\/tahtaligrup.com\/insaat\/wp-content\/uploads\/2018\/10\/icgorseller1-300x300.jpg 300w, https:\/\/tahtaligrup.com\/insaat\/wp-content\/uploads\/2018\/10\/icgorseller1-100x100.jpg 100w, https:\/\/tahtaligrup.com\/insaat\/wp-content\/uploads\/2018\/10\/icgorseller1-150x150.jpg 150w, https:\/\/tahtaligrup.com\/insaat\/wp-content\/uploads\/2018\/10\/icgorseller1-72x72.jpg 72w, https:\/\/tahtaligrup.com\/insaat\/wp-content\/uploads\/2018\/10\/icgorseller1-480x480.jpg 480w\" sizes=\"auto, (max-width: 300px) 100vw, 300px\" \/><\/a>\n\t\t\t<\/div><\/figure><figure class='gallery-item'>\n\t\t\t<div class='gallery-icon landscape'>\n\t\t\t\t<a href='https:\/\/tahtaligrup.com\/insaat\/wp-content\/uploads\/2018\/10\/icgorseller2.jpg'><img loading=\"lazy\" decoding=\"async\" width=\"300\" height=\"300\" src=\"https:\/\/tahtaligrup.com\/insaat\/wp-content\/uploads\/2018\/10\/icgorseller2-300x300.jpg\" class=\"attachment-medium size-medium\" alt=\"\" srcset=\"https:\/\/tahtaligrup.com\/insaat\/wp-content\/uploads\/2018\/10\/icgorseller2-300x300.jpg 300w, https:\/\/tahtaligrup.com\/insaat\/wp-content\/uploads\/2018\/10\/icgorseller2-100x100.jpg 100w, https:\/\/tahtaligrup.com\/insaat\/wp-content\/uploads\/2018\/10\/icgorseller2-150x150.jpg 150w, https:\/\/tahtaligrup.com\/insaat\/wp-content\/uploads\/2018\/10\/icgorseller2-72x72.jpg 72w, https:\/\/tahtaligrup.com\/insaat\/wp-content\/uploads\/2018\/10\/icgorseller2-480x480.jpg 480w\" sizes=\"auto, (max-width: 300px) 100vw, 300px\" \/><\/a>\n\t\t\t<\/div><\/figure><figure class='gallery-item'>\n\t\t\t<div class='gallery-icon landscape'>\n\t\t\t\t<a href='https:\/\/tahtaligrup.com\/insaat\/wp-content\/uploads\/2018\/10\/icgorseller3.jpg'><img loading=\"lazy\" decoding=\"async\" width=\"300\" height=\"300\" src=\"https:\/\/tahtaligrup.com\/insaat\/wp-content\/uploads\/2018\/10\/icgorseller3-300x300.jpg\" class=\"attachment-medium size-medium\" alt=\"\" srcset=\"https:\/\/tahtaligrup.com\/insaat\/wp-content\/uploads\/2018\/10\/icgorseller3-300x300.jpg 300w, https:\/\/tahtaligrup.com\/insaat\/wp-content\/uploads\/2018\/10\/icgorseller3-100x100.jpg 100w, https:\/\/tahtaligrup.com\/insaat\/wp-content\/uploads\/2018\/10\/icgorseller3-150x150.jpg 150w, https:\/\/tahtaligrup.com\/insaat\/wp-content\/uploads\/2018\/10\/icgorseller3-72x72.jpg 72w, https:\/\/tahtaligrup.com\/insaat\/wp-content\/uploads\/2018\/10\/icgorseller3-480x480.jpg 480w\" sizes=\"auto, (max-width: 300px) 100vw, 300px\" \/><\/a>\n\t\t\t<\/div><\/figure><figure class='gallery-item'>\n\t\t\t<div class='gallery-icon landscape'>\n\t\t\t\t<a href='https:\/\/tahtaligrup.com\/insaat\/wp-content\/uploads\/2018\/10\/icgorseller4.jpg'><img loading=\"lazy\" decoding=\"async\" width=\"300\" height=\"300\" src=\"https:\/\/tahtaligrup.com\/insaat\/wp-content\/uploads\/2018\/10\/icgorseller4-300x300.jpg\" class=\"attachment-medium size-medium\" alt=\"\" srcset=\"https:\/\/tahtaligrup.com\/insaat\/wp-content\/uploads\/2018\/10\/icgorseller4-300x300.jpg 300w, https:\/\/tahtaligrup.com\/insaat\/wp-content\/uploads\/2018\/10\/icgorseller4-100x100.jpg 100w, https:\/\/tahtaligrup.com\/insaat\/wp-content\/uploads\/2018\/10\/icgorseller4-150x150.jpg 150w, https:\/\/tahtaligrup.com\/insaat\/wp-content\/uploads\/2018\/10\/icgorseller4-72x72.jpg 72w, https:\/\/tahtaligrup.com\/insaat\/wp-content\/uploads\/2018\/10\/icgorseller4-480x480.jpg 480w\" sizes=\"auto, (max-width: 300px) 100vw, 300px\" \/><\/a>\n\t\t\t<\/div><\/figure><figure class='gallery-item'>\n\t\t\t<div class='gallery-icon landscape'>\n\t\t\t\t<a href='https:\/\/tahtaligrup.com\/insaat\/wp-content\/uploads\/2018\/10\/icgorseller5.jpg'><img loading=\"lazy\" decoding=\"async\" width=\"300\" height=\"300\" src=\"https:\/\/tahtaligrup.com\/insaat\/wp-content\/uploads\/2018\/10\/icgorseller5-300x300.jpg\" class=\"attachment-medium size-medium\" alt=\"\" srcset=\"https:\/\/tahtaligrup.com\/insaat\/wp-content\/uploads\/2018\/10\/icgorseller5-300x300.jpg 300w, https:\/\/tahtaligrup.com\/insaat\/wp-content\/uploads\/2018\/10\/icgorseller5-100x100.jpg 100w, https:\/\/tahtaligrup.com\/insaat\/wp-content\/uploads\/2018\/10\/icgorseller5-150x150.jpg 150w, https:\/\/tahtaligrup.com\/insaat\/wp-content\/uploads\/2018\/10\/icgorseller5-72x72.jpg 72w, https:\/\/tahtaligrup.com\/insaat\/wp-content\/uploads\/2018\/10\/icgorseller5-480x480.jpg 480w\" sizes=\"auto, (max-width: 300px) 100vw, 300px\" \/><\/a>\n\t\t\t<\/div><\/figure><figure class='gallery-item'>\n\t\t\t<div class='gallery-icon landscape'>\n\t\t\t\t<a href='https:\/\/tahtaligrup.com\/insaat\/wp-content\/uploads\/2018\/10\/icgorseller6.jpg'><img loading=\"lazy\" decoding=\"async\" width=\"300\" height=\"300\" src=\"https:\/\/tahtaligrup.com\/insaat\/wp-content\/uploads\/2018\/10\/icgorseller6-300x300.jpg\" class=\"attachment-medium size-medium\" alt=\"\" srcset=\"https:\/\/tahtaligrup.com\/insaat\/wp-content\/uploads\/2018\/10\/icgorseller6-300x300.jpg 300w, https:\/\/tahtaligrup.com\/insaat\/wp-content\/uploads\/2018\/10\/icgorseller6-100x100.jpg 100w, https:\/\/tahtaligrup.com\/insaat\/wp-content\/uploads\/2018\/10\/icgorseller6-150x150.jpg 150w, https:\/\/tahtaligrup.com\/insaat\/wp-content\/uploads\/2018\/10\/icgorseller6-72x72.jpg 72w, https:\/\/tahtaligrup.com\/insaat\/wp-content\/uploads\/2018\/10\/icgorseller6-480x480.jpg 480w\" sizes=\"auto, (max-width: 300px) 100vw, 300px\" \/><\/a>\n\t\t\t<\/div><\/figure><figure class='gallery-item'>\n\t\t\t<div class='gallery-icon landscape'>\n\t\t\t\t<a href='https:\/\/tahtaligrup.com\/insaat\/wp-content\/uploads\/2018\/10\/icgorseller7.jpg'><img loading=\"lazy\" decoding=\"async\" width=\"300\" height=\"300\" src=\"https:\/\/tahtaligrup.com\/insaat\/wp-content\/uploads\/2018\/10\/icgorseller7-300x300.jpg\" class=\"attachment-medium size-medium\" alt=\"\" srcset=\"https:\/\/tahtaligrup.com\/insaat\/wp-content\/uploads\/2018\/10\/icgorseller7-300x300.jpg 300w, https:\/\/tahtaligrup.com\/insaat\/wp-content\/uploads\/2018\/10\/icgorseller7-100x100.jpg 100w, https:\/\/tahtaligrup.com\/insaat\/wp-content\/uploads\/2018\/10\/icgorseller7-150x150.jpg 150w, https:\/\/tahtaligrup.com\/insaat\/wp-content\/uploads\/2018\/10\/icgorseller7-72x72.jpg 72w, https:\/\/tahtaligrup.com\/insaat\/wp-content\/uploads\/2018\/10\/icgorseller7-480x480.jpg 480w\" sizes=\"auto, (max-width: 300px) 100vw, 300px\" \/><\/a>\n\t\t\t<\/div><\/figure><figure class='gallery-item'>\n\t\t\t<div class='gallery-icon landscape'>\n\t\t\t\t<a href='https:\/\/tahtaligrup.com\/insaat\/wp-content\/uploads\/2018\/10\/icgorseller8.jpg'><img loading=\"lazy\" decoding=\"async\" width=\"300\" height=\"300\" src=\"https:\/\/tahtaligrup.com\/insaat\/wp-content\/uploads\/2018\/10\/icgorseller8-300x300.jpg\" class=\"attachment-medium size-medium\" alt=\"\" srcset=\"https:\/\/tahtaligrup.com\/insaat\/wp-content\/uploads\/2018\/10\/icgorseller8-300x300.jpg 300w, https:\/\/tahtaligrup.com\/insaat\/wp-content\/uploads\/2018\/10\/icgorseller8-100x100.jpg 100w, https:\/\/tahtaligrup.com\/insaat\/wp-content\/uploads\/2018\/10\/icgorseller8-150x150.jpg 150w, https:\/\/tahtaligrup.com\/insaat\/wp-content\/uploads\/2018\/10\/icgorseller8-72x72.jpg 72w, https:\/\/tahtaligrup.com\/insaat\/wp-content\/uploads\/2018\/10\/icgorseller8-480x480.jpg 480w\" sizes=\"auto, (max-width: 300px) 100vw, 300px\" \/><\/a>\n\t\t\t<\/div><\/figure><figure class='gallery-item'>\n\t\t\t<div class='gallery-icon landscape'>\n\t\t\t\t<a href='https:\/\/tahtaligrup.com\/insaat\/wp-content\/uploads\/2018\/10\/icgorseller9.jpg'><img loading=\"lazy\" decoding=\"async\" width=\"300\" height=\"300\" src=\"https:\/\/tahtaligrup.com\/insaat\/wp-content\/uploads\/2018\/10\/icgorseller9-300x300.jpg\" class=\"attachment-medium size-medium\" alt=\"\" srcset=\"https:\/\/tahtaligrup.com\/insaat\/wp-content\/uploads\/2018\/10\/icgorseller9-300x300.jpg 300w, https:\/\/tahtaligrup.com\/insaat\/wp-content\/uploads\/2018\/10\/icgorseller9-100x100.jpg 100w, https:\/\/tahtaligrup.com\/insaat\/wp-content\/uploads\/2018\/10\/icgorseller9-150x150.jpg 150w, https:\/\/tahtaligrup.com\/insaat\/wp-content\/uploads\/2018\/10\/icgorseller9-72x72.jpg 72w, https:\/\/tahtaligrup.com\/insaat\/wp-content\/uploads\/2018\/10\/icgorseller9-480x480.jpg 480w\" sizes=\"auto, (max-width: 300px) 100vw, 300px\" \/><\/a>\n\t\t\t<\/div><\/figure><figure class='gallery-item'>\n\t\t\t<div class='gallery-icon landscape'>\n\t\t\t\t<a href='https:\/\/tahtaligrup.com\/insaat\/wp-content\/uploads\/2018\/10\/icgorseller10.jpg'><img loading=\"lazy\" decoding=\"async\" width=\"300\" height=\"300\" src=\"https:\/\/tahtaligrup.com\/insaat\/wp-content\/uploads\/2018\/10\/icgorseller10-300x300.jpg\" class=\"attachment-medium size-medium\" alt=\"\" srcset=\"https:\/\/tahtaligrup.com\/insaat\/wp-content\/uploads\/2018\/10\/icgorseller10-300x300.jpg 300w, https:\/\/tahtaligrup.com\/insaat\/wp-content\/uploads\/2018\/10\/icgorseller10-100x100.jpg 100w, https:\/\/tahtaligrup.com\/insaat\/wp-content\/uploads\/2018\/10\/icgorseller10-150x150.jpg 150w, https:\/\/tahtaligrup.com\/insaat\/wp-content\/uploads\/2018\/10\/icgorseller10-72x72.jpg 72w, https:\/\/tahtaligrup.com\/insaat\/wp-content\/uploads\/2018\/10\/icgorseller10-480x480.jpg 480w\" sizes=\"auto, (max-width: 300px) 100vw, 300px\" \/><\/a>\n\t\t\t<\/div><\/figure>\n\t\t<\/div>\n\n<\/div>\n<\/div><\/div><\/div><\/div><\/div><\/div><div id=\"pg-12105-2\"  class=\"panel-grid panel-no-style\" ><div id=\"pgc-12105-2-0\"  class=\"panel-grid-cell\" ><div id=\"panel-12105-2-0-0\" class=\"so-panel widget widget_sow-editor panel-first-child panel-last-child\" data-index=\"2\" ><div class=\"animate animate-1 panel-widget-style panel-widget-style-for-12105-2-0-0\" ><div\n\t\t\t\n\t\t\tclass=\"so-widget-sow-editor so-widget-sow-editor-base\"\n\t\t\t\n\t\t>\n<div class=\"siteorigin-widget-tinymce textwidget\">\n\t<h2 style=\"text-align: center;\"><strong>Di\u011fer G\u00f6rseller.<\/strong><\/h2>\n<div class=\"dash centered style-dark\"><\/div>\n<\/div>\n<\/div><\/div><\/div><\/div><\/div><div id=\"pg-12105-3\"  class=\"panel-grid panel-no-style\" ><div id=\"pgc-12105-3-0\"  class=\"panel-grid-cell\" ><div id=\"panel-12105-3-0-0\" class=\"so-panel widget widget_interico_image_box panel-first-child panel-last-child\" data-index=\"3\" ><div class=\"animate animate-1 panel-widget-style panel-widget-style-for-12105-3-0-0\" >\t\t\t\r\n\t\t\r\n\t\t<!-- Begin Service item -->\r\n\t\t\t<div class=\"content-box service-item alignment-centered service-box-default\">\r\n\t\t\t\t<a href=\"https:\/\/tahtaligrup.com\/insaat\/projeler\/mudanya-tahtali-park-evleri\/\">\r\n\t\t\t\t\t<div class=\"image-container\">\r\n\t\t\t\t\t\t\t\t\t\t\t\t<div class=\"arrow-box\"><span class=\"icon-arrow-right\"><\/span><\/div>\r\n\t\t\t\t\t\t\t\t\t\t\t\t\t<img decoding=\"async\" src=\"https:\/\/tahtaligrup.com\/insaat\/wp-content\/uploads\/2018\/10\/parkdis.jpg\" alt=\"Projeye D\u00f6n\">\r\n\t\t\t\t\t\t\t\t\t\t\t<\/div>\r\n\t\t\t\t\t<div class=\"content-box-info\">\r\n\t\t\t\t\t\t<h4 class=\"box-heading\">Projeye D\u00f6n<\/h4>\r\n\t\t\t\t\t\t\t\t\t\t\t\t\t\t\t\t\t<\/div>\r\n\t\t\t\t<\/a>\r\n\t\t\t<\/div>\r\n\t\t<!-- End Service item -->\t\r\n\r\n\t\t<\/div><\/div><\/div><div id=\"pgc-12105-3-1\"  class=\"panel-grid-cell\" ><div id=\"panel-12105-3-1-0\" class=\"so-panel widget widget_interico_image_box panel-first-child panel-last-child\" data-index=\"4\" ><div class=\"animate animate-2 panel-widget-style panel-widget-style-for-12105-3-1-0\" >\t\t\t\r\n\t\t\r\n\t\t<!-- Begin Service item -->\r\n\t\t\t<div class=\"content-box service-item alignment-centered service-box-default\">\r\n\t\t\t\t<a href=\"https:\/\/tahtaligrup.com\/insaat\/tahtalipark-dis-gorseller\/\">\r\n\t\t\t\t\t<div class=\"image-container\">\r\n\t\t\t\t\t\t\t\t\t\t\t\t<div class=\"arrow-box\"><span class=\"icon-arrow-right\"><\/span><\/div>\r\n\t\t\t\t\t\t\t\t\t\t\t\t\t<img decoding=\"async\" src=\"https:\/\/tahtaligrup.com\/insaat\/wp-content\/uploads\/2018\/10\/parkic.jpg\" alt=\"\u0130\u00e7 G\u00f6rseller\">\r\n\t\t\t\t\t\t\t\t\t\t\t<\/div>\r\n\t\t\t\t\t<div class=\"content-box-info\">\r\n\t\t\t\t\t\t<h4 class=\"box-heading\">\u0130\u00e7 G\u00f6rseller<\/h4>\r\n\t\t\t\t\t\t\t\t\t\t\t\t\t\t\t\t\t<\/div>\r\n\t\t\t\t<\/a>\r\n\t\t\t<\/div>\r\n\t\t<!-- End Service item -->\t\r\n\r\n\t\t<\/div><\/div><\/div><div id=\"pgc-12105-3-2\"  class=\"panel-grid-cell\" ><div id=\"panel-12105-3-2-0\" class=\"so-panel widget widget_interico_image_box panel-first-child panel-last-child\" data-index=\"5\" ><div class=\"animate animate-3 panel-widget-style panel-widget-style-for-12105-3-2-0\" >\t\t\t\r\n\t\t\r\n\t\t<!-- Begin Service item -->\r\n\t\t\t<div class=\"content-box service-item alignment-centered service-box-default\">\r\n\t\t\t\t<a href=\"https:\/\/tahtaligrup.com\/insaat\/tahtalipark-kat-planlari\/\">\r\n\t\t\t\t\t<div class=\"image-container\">\r\n\t\t\t\t\t\t\t\t\t\t\t\t<div class=\"arrow-box\"><span class=\"icon-arrow-right\"><\/span><\/div>\r\n\t\t\t\t\t\t\t\t\t\t\t\t\t<img decoding=\"async\" src=\"https:\/\/tahtaligrup.com\/insaat\/wp-content\/uploads\/2018\/10\/parkkp.jpg\" alt=\"Kat Planlar\u0131\">\r\n\t\t\t\t\t\t\t\t\t\t\t<\/div>\r\n\t\t\t\t\t<div class=\"content-box-info\">\r\n\t\t\t\t\t\t<h4 class=\"box-heading\">Kat Planlar\u0131<\/h4>\r\n\t\t\t\t\t\t\t\t\t\t\t\t\t\t\t\t\t<\/div>\r\n\t\t\t\t<\/a>\r\n\t\t\t<\/div>\r\n\t\t<!-- End Service item -->\t\r\n\r\n\t\t<\/div><\/div><\/div><div id=\"pgc-12105-3-3\"  class=\"panel-grid-cell\" ><div id=\"panel-12105-3-3-0\" class=\"so-panel widget widget_interico_image_box panel-first-child panel-last-child\" data-index=\"6\" ><div class=\"animate animate-4 panel-widget-style panel-widget-style-for-12105-3-3-0\" >\t\t\t\r\n\t\t\r\n\t\t<!-- Begin Service item -->\r\n\t\t\t<div class=\"content-box service-item alignment-centered service-box-default\">\r\n\t\t\t\t<a href=\"#\">\r\n\t\t\t\t\t<div class=\"image-container\">\r\n\t\t\t\t\t\t\t\t\t\t\t\t<div class=\"arrow-box\"><span class=\"icon-arrow-right\"><\/span><\/div>\r\n\t\t\t\t\t\t\t\t\t\t\t\t\t<img decoding=\"async\" src=\"https:\/\/tahtaligrup.com\/insaat\/wp-content\/uploads\/2018\/10\/parkdis.jpg\" alt=\"Katalog\">\r\n\t\t\t\t\t\t\t\t\t\t\t<\/div>\r\n\t\t\t\t\t<div class=\"content-box-info\">\r\n\t\t\t\t\t\t<h4 class=\"box-heading\">Katalog<\/h4>\r\n\t\t\t\t\t\t\t\t\t\t\t\t\t\t\t\t\t<\/div>\r\n\t\t\t\t<\/a>\r\n\t\t\t<\/div>\r\n\t\t<!-- End Service item -->\t\r\n\r\n\t\t<\/div><\/div><\/div><\/div><\/div>","protected":false},"excerpt":{"rendered":"<p>&nbsp; \u0130\u00e7 G\u00f6rseller.<\/p>\n","protected":false},"author":1,"featured_media":0,"parent":0,"menu_order":0,"comment_status":"closed","ping_status":"closed","template":"","meta":{"footnotes":""},"class_list":["post-12105","page","type-page","status-publish","hentry"],"aioseo_notices":[],"_links":{"self":[{"href":"https:\/\/tahtaligrup.com\/insaat\/wp-json\/wp\/v2\/pages\/12105","targetHints":{"allow":["GET"]}}],"collection":[{"href":"https:\/\/tahtaligrup.com\/insaat\/wp-json\/wp\/v2\/pages"}],"about":[{"href":"https:\/\/tahtaligrup.com\/insaat\/wp-json\/wp\/v2\/types\/page"}],"author":[{"embeddable":true,"href":"https:\/\/tahtaligrup.com\/insaat\/wp-json\/wp\/v2\/users\/1"}],"replies":[{"embeddable":true,"href":"https:\/\/tahtaligrup.com\/insaat\/wp-json\/wp\/v2\/comments?post=12105"}],"version-history":[{"count":0,"href":"https:\/\/tahtaligrup.com\/insaat\/wp-json\/wp\/v2\/pages\/12105\/revisions"}],"wp:attachment":[{"href":"https:\/\/tahtaligrup.com\/insaat\/wp-json\/wp\/v2\/media?parent=12105"}],"curies":[{"name":"wp","href":"https:\/\/api.w.org\/{rel}","templated":true}]}}