{"id":12261,"date":"2018-10-15T12:19:42","date_gmt":"2018-10-15T09:19:42","guid":{"rendered":"https:\/\/tahtaligrup.com\/insaat\/?page_id=12261"},"modified":"2018-10-20T20:52:30","modified_gmt":"2018-10-20T17:52:30","slug":"insan-kaynaklari","status":"publish","type":"page","link":"https:\/\/tahtaligrup.com\/insaat\/insan-kaynaklari\/","title":{"rendered":"\u0130nsan Kaynaklar\u0131"},"content":{"rendered":"<div id=\"pl-12261\"  class=\"panel-layout\" ><div id=\"pg-12261-0\"  class=\"panel-grid panel-has-style\" ><div class=\"siteorigin-panels-stretch panel-row-style panel-row-style-for-12261-0\" data-stretch-type=\"full\" ><div id=\"pgc-12261-0-0\"  class=\"panel-grid-cell\" ><div id=\"panel-12261-0-0-0\" class=\"so-panel widget widget_black-studio-tinymce widget_black_studio_tinymce panel-first-child panel-last-child\" data-index=\"0\" ><div class=\"textwidget\"><h2 style=\"text-align: center;\"><strong>Tahtal\u0131 Grup \u0130n\u015faat A.\u015e.<\/strong><\/h2>\n<div class=\"dash centered style-dark\"><\/div><\/div><\/div><\/div><\/div><\/div><div id=\"pg-12261-1\"  class=\"panel-grid panel-has-style\" ><div class=\"siteorigin-panels-stretch panel-row-style panel-row-style-for-12261-1\" data-stretch-type=\"full\" ><div id=\"pgc-12261-1-0\"  class=\"panel-grid-cell\" ><div id=\"panel-12261-1-0-0\" class=\"so-panel widget widget_sow-editor panel-first-child\" data-index=\"1\" ><div\n\t\t\t\n\t\t\tclass=\"so-widget-sow-editor so-widget-sow-editor-base\"\n\t\t\t\n\t\t>\n<div class=\"siteorigin-widget-tinymce textwidget\">\n\t<span class=\"subtitle dash-true style-dark\">\u0130\u015e BA\u015eVURU FORMU<\/span>\n<h2><strong>Formu doldurun biz sizi arayal\u0131m.<\/strong><\/h2>\n<\/div>\n<\/div><\/div><div id=\"panel-12261-1-0-1\" class=\"so-panel widget widget_sow-editor panel-last-child\" data-index=\"2\" ><div class=\"shadow-box btn-fullwidth panel-widget-style panel-widget-style-for-12261-1-0-1\" ><div\n\t\t\t\n\t\t\tclass=\"so-widget-sow-editor so-widget-sow-editor-base\"\n\t\t\t\n\t\t>\n<div class=\"siteorigin-widget-tinymce textwidget\">\n\t<div class=\"siteorigin-widget-tinymce textwidget\"><div role=\"form\" class=\"wpcf7\" id=\"wpcf7-f12576-o1\" lang=\"en-US\" dir=\"ltr\">\n<div class=\"screen-reader-response\"><\/div>\n<form action=\"\/insaat\/wp-json\/wp\/v2\/pages\/12261#wpcf7-f12576-o1\" method=\"post\" class=\"wpcf7-form\" enctype=\"multipart\/form-data\" novalidate=\"novalidate\">\n<div style=\"display: none;\">\n<input type=\"hidden\" name=\"_wpcf7\" value=\"12576\" \/>\n<input type=\"hidden\" name=\"_wpcf7_version\" value=\"5.1.4\" \/>\n<input type=\"hidden\" name=\"_wpcf7_locale\" value=\"en_US\" \/>\n<input type=\"hidden\" name=\"_wpcf7_unit_tag\" value=\"wpcf7-f12576-o1\" \/>\n<input type=\"hidden\" name=\"_wpcf7_container_post\" value=\"0\" \/>\n<\/div>\n<p><span class=\"wpcf7-form-control-wrap your-name\"><input type=\"text\" name=\"your-name\" value=\"\" size=\"40\" class=\"wpcf7-form-control wpcf7-text wpcf7-validates-as-required\" aria-required=\"true\" aria-invalid=\"false\" placeholder=\"Ad\u0131n\u0131z - Soyad\u0131n\u0131z\" \/><\/span><\/p>\n<p>    <span class=\"wpcf7-form-control-wrap your-email\"><input type=\"email\" name=\"your-email\" value=\"\" size=\"40\" class=\"wpcf7-form-control wpcf7-text wpcf7-email wpcf7-validates-as-required wpcf7-validates-as-email\" aria-required=\"true\" aria-invalid=\"false\" placeholder=\"E-Mail Adresiniz\" \/><\/span><\/p>\n<p>    <span class=\"wpcf7-form-control-wrap tel-809\"><input type=\"tel\" name=\"tel-809\" value=\"\" size=\"40\" class=\"wpcf7-form-control wpcf7-text wpcf7-tel wpcf7-validates-as-tel\" aria-invalid=\"false\" placeholder=\"Telefon Numaran\u0131z\" \/><\/span><\/p>\n<p>    <span class=\"wpcf7-form-control-wrap your-subject\"><input type=\"text\" name=\"your-subject\" value=\"\" size=\"40\" class=\"wpcf7-form-control wpcf7-text wpcf7-validates-as-required\" aria-required=\"true\" aria-invalid=\"false\" placeholder=\"Konu\" \/><\/span><\/p>\n<p>    <span class=\"wpcf7-form-control-wrap your-message\"><textarea name=\"your-message\" cols=\"5\" rows=\"1\" class=\"wpcf7-form-control wpcf7-textarea wpcf7-validates-as-required\" aria-required=\"true\" aria-invalid=\"false\" placeholder=\"Merhaba, mesaj\u0131n\u0131z\u0131 buraya yazabilirsiniz...\"><\/textarea><\/span><\/p>\n<p>    <span class=\"wpcf7-form-control-wrap file-970\"><input type=\"file\" name=\"file-970\" size=\"40\" class=\"wpcf7-form-control wpcf7-file\" accept=\".zip,.pdf,.jpg,.png\" aria-invalid=\"false\" \/><\/span><\/p>\n<p><input type=\"submit\" value=\"Mesaj\u0131 G\u00f6nder\" class=\"wpcf7-form-control wpcf7-submit\" \/><\/p>\n<div class=\"wpcf7-response-output wpcf7-display-none\"><\/div><\/form><\/div><\/div>\n<\/div>\n<\/div><\/div><\/div><\/div><\/div><\/div><\/div>","protected":false},"excerpt":{"rendered":"<p>Tahtal\u0131 Grup \u0130n\u015faat A.\u015e. Formu doldurun biz sizi arayal\u0131m.<\/p>\n","protected":false},"author":1,"featured_media":0,"parent":0,"menu_order":0,"comment_status":"closed","ping_status":"closed","template":"","meta":{"footnotes":""},"class_list":["post-12261","page","type-page","status-publish","hentry"],"aioseo_notices":[],"_links":{"self":[{"href":"https:\/\/tahtaligrup.com\/insaat\/wp-json\/wp\/v2\/pages\/12261","targetHints":{"allow":["GET"]}}],"collection":[{"href":"https:\/\/tahtaligrup.com\/insaat\/wp-json\/wp\/v2\/pages"}],"about":[{"href":"https:\/\/tahtaligrup.com\/insaat\/wp-json\/wp\/v2\/types\/page"}],"author":[{"embeddable":true,"href":"https:\/\/tahtaligrup.com\/insaat\/wp-json\/wp\/v2\/users\/1"}],"replies":[{"embeddable":true,"href":"https:\/\/tahtaligrup.com\/insaat\/wp-json\/wp\/v2\/comments?post=12261"}],"version-history":[{"count":0,"href":"https:\/\/tahtaligrup.com\/insaat\/wp-json\/wp\/v2\/pages\/12261\/revisions"}],"wp:attachment":[{"href":"https:\/\/tahtaligrup.com\/insaat\/wp-json\/wp\/v2\/media?parent=12261"}],"curies":[{"name":"wp","href":"https:\/\/api.w.org\/{rel}","templated":true}]}}