{"id":12351,"date":"2018-10-17T14:57:28","date_gmt":"2018-10-17T11:57:28","guid":{"rendered":"https:\/\/tahtaligrup.com\/insaat\/?page_id=12351"},"modified":"2019-09-14T12:22:10","modified_gmt":"2019-09-14T09:22:10","slug":"tahtali-apartmani-mudanya-dis-gorseller","status":"publish","type":"page","link":"https:\/\/tahtaligrup.com\/insaat\/tahtali-apartmani-mudanya-dis-gorseller\/","title":{"rendered":"Tahtal\u0131 Apartman\u0131 Mudanya &#8211; D\u0131\u015f G\u00f6rseller"},"content":{"rendered":"<div id=\"pl-12351\"  class=\"panel-layout\" ><div id=\"pg-12351-0\"  class=\"panel-grid panel-no-style\" ><div id=\"pgc-12351-0-0\"  class=\"panel-grid-cell\" ><div id=\"panel-12351-0-0-0\" class=\"so-panel widget widget_sow-editor panel-first-child panel-last-child\" data-index=\"0\" ><div class=\"animate animate-1 panel-widget-style panel-widget-style-for-12351-0-0-0\" ><div\n\t\t\t\n\t\t\tclass=\"so-widget-sow-editor so-widget-sow-editor-base\"\n\t\t\t\n\t\t>\n<div class=\"siteorigin-widget-tinymce textwidget\">\n\t<p><\/p>\n<h2 style=\"text-align: center;\"><strong>D\u0131\u015f G\u00f6rseller.<\/strong><\/h2>\n<div class=\"dash centered style-dark\"><\/div>\n<\/div>\n<\/div><\/div><\/div><\/div><\/div><div id=\"pg-12351-1\"  class=\"panel-grid panel-has-style\" ><div class=\"panel-row-style panel-row-style-for-12351-1\" ><div id=\"pgc-12351-1-0\"  class=\"panel-grid-cell\" ><div id=\"panel-12351-1-0-0\" class=\"so-panel widget widget_sow-editor panel-first-child panel-last-child\" data-index=\"1\" ><div class=\"animate animate-1 panel-widget-style panel-widget-style-for-12351-1-0-0\" ><div\n\t\t\t\n\t\t\tclass=\"so-widget-sow-editor so-widget-sow-editor-base\"\n\t\t\t\n\t\t>\n<div class=\"siteorigin-widget-tinymce textwidget\">\n\t<div id='gallery-1' class='gallery galleryid-12351 gallery-columns-4 gallery-size-medium'><figure class='gallery-item'>\n\t\t\t<div class='gallery-icon portrait'>\n\t\t\t\t<a href='https:\/\/tahtaligrup.com\/insaat\/wp-content\/uploads\/2019\/09\/A-min-scaled.jpg'><img loading=\"lazy\" decoding=\"async\" width=\"300\" height=\"300\" src=\"https:\/\/tahtaligrup.com\/insaat\/wp-content\/uploads\/2019\/09\/A-min-300x300.jpg\" class=\"attachment-medium size-medium\" alt=\"\" srcset=\"https:\/\/tahtaligrup.com\/insaat\/wp-content\/uploads\/2019\/09\/A-min-scaled-300x300.jpg 300w, https:\/\/tahtaligrup.com\/insaat\/wp-content\/uploads\/2019\/09\/A-min-scaled-100x100.jpg 100w, https:\/\/tahtaligrup.com\/insaat\/wp-content\/uploads\/2019\/09\/A-min-150x150.jpg 150w, https:\/\/tahtaligrup.com\/insaat\/wp-content\/uploads\/2019\/09\/A-min-72x72.jpg 72w\" sizes=\"auto, (max-width: 300px) 100vw, 300px\" \/><\/a>\n\t\t\t<\/div><\/figure><figure class='gallery-item'>\n\t\t\t<div class='gallery-icon portrait'>\n\t\t\t\t<a href='https:\/\/tahtaligrup.com\/insaat\/wp-content\/uploads\/2019\/09\/B-min-scaled.jpg'><img loading=\"lazy\" decoding=\"async\" width=\"300\" height=\"300\" src=\"https:\/\/tahtaligrup.com\/insaat\/wp-content\/uploads\/2019\/09\/B-min-300x300.jpg\" class=\"attachment-medium size-medium\" alt=\"\" srcset=\"https:\/\/tahtaligrup.com\/insaat\/wp-content\/uploads\/2019\/09\/B-min-scaled-300x300.jpg 300w, https:\/\/tahtaligrup.com\/insaat\/wp-content\/uploads\/2019\/09\/B-min-scaled-100x100.jpg 100w, https:\/\/tahtaligrup.com\/insaat\/wp-content\/uploads\/2019\/09\/B-min-150x150.jpg 150w, https:\/\/tahtaligrup.com\/insaat\/wp-content\/uploads\/2019\/09\/B-min-72x72.jpg 72w\" sizes=\"auto, (max-width: 300px) 100vw, 300px\" \/><\/a>\n\t\t\t<\/div><\/figure><figure class='gallery-item'>\n\t\t\t<div class='gallery-icon portrait'>\n\t\t\t\t<a href='https:\/\/tahtaligrup.com\/insaat\/wp-content\/uploads\/2019\/09\/C-min-scaled.jpg'><img loading=\"lazy\" decoding=\"async\" width=\"300\" height=\"300\" src=\"https:\/\/tahtaligrup.com\/insaat\/wp-content\/uploads\/2019\/09\/C-min-300x300.jpg\" class=\"attachment-medium size-medium\" alt=\"\" srcset=\"https:\/\/tahtaligrup.com\/insaat\/wp-content\/uploads\/2019\/09\/C-min-scaled-300x300.jpg 300w, https:\/\/tahtaligrup.com\/insaat\/wp-content\/uploads\/2019\/09\/C-min-scaled-100x100.jpg 100w, https:\/\/tahtaligrup.com\/insaat\/wp-content\/uploads\/2019\/09\/C-min-150x150.jpg 150w, https:\/\/tahtaligrup.com\/insaat\/wp-content\/uploads\/2019\/09\/C-min-72x72.jpg 72w\" sizes=\"auto, (max-width: 300px) 100vw, 300px\" \/><\/a>\n\t\t\t<\/div><\/figure>\n\t\t<\/div>\n\n<\/div>\n<\/div><\/div><\/div><\/div><\/div><\/div><div id=\"pg-12351-2\"  class=\"panel-grid panel-no-style\" ><div id=\"pgc-12351-2-0\"  class=\"panel-grid-cell\" ><div id=\"panel-12351-2-0-0\" class=\"so-panel widget widget_sow-editor panel-first-child panel-last-child\" data-index=\"2\" ><div class=\"animate animate-1 panel-widget-style panel-widget-style-for-12351-2-0-0\" ><div\n\t\t\t\n\t\t\tclass=\"so-widget-sow-editor so-widget-sow-editor-base\"\n\t\t\t\n\t\t>\n<div class=\"siteorigin-widget-tinymce textwidget\">\n\t<h2 style=\"text-align: center;\"><strong>Di\u011fer G\u00f6rseller.<\/strong><\/h2>\n<div class=\"dash centered style-dark\"><\/div>\n<\/div>\n<\/div><\/div><\/div><\/div><\/div><div id=\"pg-12351-3\"  class=\"panel-grid panel-no-style\" ><div id=\"pgc-12351-3-0\"  class=\"panel-grid-cell\" ><div id=\"panel-12351-3-0-0\" class=\"so-panel widget widget_interico_image_box panel-first-child panel-last-child\" data-index=\"3\" ><div class=\"animate animate-1 panel-widget-style panel-widget-style-for-12351-3-0-0\" >\t\t\t\r\n\t\t\r\n\t\t<!-- Begin Service item -->\r\n\t\t\t<div class=\"content-box service-item alignment-centered service-box-default\">\r\n\t\t\t\t<a href=\"https:\/\/tahtaligrup.com\/insaat\/projeler\/tahtali-apartmani-mudanya\/\">\r\n\t\t\t\t\t<div class=\"image-container\">\r\n\t\t\t\t\t\t\t\t\t\t\t\t<div class=\"arrow-box\"><span class=\"icon-arrow-right\"><\/span><\/div>\r\n\t\t\t\t\t\t\t\t\t\t\t\t\t<img decoding=\"async\" src=\"https:\/\/tahtaligrup.com\/insaat\/wp-content\/uploads\/2018\/10\/tam.jpg\" alt=\"Projeye D\u00f6n\">\r\n\t\t\t\t\t\t\t\t\t\t\t<\/div>\r\n\t\t\t\t\t<div class=\"content-box-info\">\r\n\t\t\t\t\t\t<h4 class=\"box-heading\">Projeye D\u00f6n<\/h4>\r\n\t\t\t\t\t\t\t\t\t\t\t\t\t\t\t\t\t<\/div>\r\n\t\t\t\t<\/a>\r\n\t\t\t<\/div>\r\n\t\t<!-- End Service item -->\t\r\n\r\n\t\t<\/div><\/div><\/div><div id=\"pgc-12351-3-1\"  class=\"panel-grid-cell\" ><div id=\"panel-12351-3-1-0\" class=\"so-panel widget widget_interico_image_box panel-first-child panel-last-child\" data-index=\"4\" ><div class=\"animate animate-3 panel-widget-style panel-widget-style-for-12351-3-1-0\" >\t\t\t\r\n\t\t\r\n\t\t<!-- Begin Service item -->\r\n\t\t\t<div class=\"content-box service-item alignment-centered service-box-default\">\r\n\t\t\t\t<a href=\"https:\/\/tahtaligrup.com\/insaat\/services\/tahtali-apartmani-mudanya-kat-planlari\">\r\n\t\t\t\t\t<div class=\"image-container\">\r\n\t\t\t\t\t\t\t\t\t\t\t\t<div class=\"arrow-box\"><span class=\"icon-arrow-right\"><\/span><\/div>\r\n\t\t\t\t\t\t\t\t\t\t\t\t\t<img decoding=\"async\" src=\"https:\/\/tahtaligrup.com\/insaat\/wp-content\/uploads\/2018\/10\/deluxe-kp2.jpg\" alt=\"Kat Planlar\u0131\">\r\n\t\t\t\t\t\t\t\t\t\t\t<\/div>\r\n\t\t\t\t\t<div class=\"content-box-info\">\r\n\t\t\t\t\t\t<h4 class=\"box-heading\">Kat Planlar\u0131<\/h4>\r\n\t\t\t\t\t\t\t\t\t\t\t\t\t\t\t\t\t<\/div>\r\n\t\t\t\t<\/a>\r\n\t\t\t<\/div>\r\n\t\t<!-- End Service item -->\t\r\n\r\n\t\t<\/div><\/div><\/div><div id=\"pgc-12351-3-2\"  class=\"panel-grid-cell panel-grid-cell-empty panel-grid-cell-mobile-last\" ><\/div><div id=\"pgc-12351-3-3\"  class=\"panel-grid-cell panel-grid-cell-empty\" ><\/div><\/div><\/div>","protected":false},"excerpt":{"rendered":"<p>D\u0131\u015f G\u00f6rseller.<\/p>\n","protected":false},"author":1,"featured_media":0,"parent":0,"menu_order":0,"comment_status":"closed","ping_status":"closed","template":"","meta":{"footnotes":""},"class_list":["post-12351","page","type-page","status-publish","hentry"],"aioseo_notices":[],"_links":{"self":[{"href":"https:\/\/tahtaligrup.com\/insaat\/wp-json\/wp\/v2\/pages\/12351","targetHints":{"allow":["GET"]}}],"collection":[{"href":"https:\/\/tahtaligrup.com\/insaat\/wp-json\/wp\/v2\/pages"}],"about":[{"href":"https:\/\/tahtaligrup.com\/insaat\/wp-json\/wp\/v2\/types\/page"}],"author":[{"embeddable":true,"href":"https:\/\/tahtaligrup.com\/insaat\/wp-json\/wp\/v2\/users\/1"}],"replies":[{"embeddable":true,"href":"https:\/\/tahtaligrup.com\/insaat\/wp-json\/wp\/v2\/comments?post=12351"}],"version-history":[{"count":0,"href":"https:\/\/tahtaligrup.com\/insaat\/wp-json\/wp\/v2\/pages\/12351\/revisions"}],"wp:attachment":[{"href":"https:\/\/tahtaligrup.com\/insaat\/wp-json\/wp\/v2\/media?parent=12351"}],"curies":[{"name":"wp","href":"https:\/\/api.w.org\/{rel}","templated":true}]}}