{"id":14846,"date":"2023-09-25T14:51:33","date_gmt":"2023-09-25T11:51:33","guid":{"rendered":"https:\/\/tahtaligrup.com\/insaat\/?page_id=14846"},"modified":"2023-09-25T15:07:39","modified_gmt":"2023-09-25T12:07:39","slug":"tahtali-life-dis-gorseller","status":"publish","type":"page","link":"https:\/\/tahtaligrup.com\/insaat\/tahtali-life-dis-gorseller\/","title":{"rendered":"Tahtal\u0131 Life &#8211; D\u0131\u015f G\u00f6rseller"},"content":{"rendered":"<div id=\"pl-14846\"  class=\"panel-layout\" ><div id=\"pg-14846-0\"  class=\"panel-grid panel-no-style\" ><div id=\"pgc-14846-0-0\"  class=\"panel-grid-cell\" ><div id=\"panel-14846-0-0-0\" class=\"so-panel widget widget_sow-editor panel-first-child panel-last-child\" data-index=\"0\" ><div class=\"animate animate-1 panel-widget-style panel-widget-style-for-14846-0-0-0\" ><div\n\t\t\t\n\t\t\tclass=\"so-widget-sow-editor so-widget-sow-editor-base\"\n\t\t\t\n\t\t>\n<div class=\"siteorigin-widget-tinymce textwidget\">\n\t<h2 style=\"text-align: center;\"><strong>D\u0131\u015f G\u00f6rseller.<\/strong><\/h2>\n<div class=\"dash centered style-dark\"><\/div>\n<\/div>\n<\/div><\/div><\/div><\/div><\/div><div id=\"pg-14846-1\"  class=\"panel-grid panel-has-style\" ><div class=\"panel-row-style panel-row-style-for-14846-1\" ><div id=\"pgc-14846-1-0\"  class=\"panel-grid-cell\" ><div id=\"panel-14846-1-0-0\" class=\"so-panel widget widget_sow-editor panel-first-child panel-last-child widgetopts-SO\" data-index=\"1\" ><div class=\"animate animate-1 panel-widget-style panel-widget-style-for-14846-1-0-0\" ><div\n\t\t\t\n\t\t\tclass=\"so-widget-sow-editor so-widget-sow-editor-base\"\n\t\t\t\n\t\t>\n<div class=\"siteorigin-widget-tinymce textwidget\">\n\t<div id='gallery-1' class='gallery galleryid-14846 gallery-columns-4 gallery-size-medium'><figure class='gallery-item'>\n\t\t\t<div class='gallery-icon landscape'>\n\t\t\t\t<a href='https:\/\/tahtaligrup.com\/insaat\/wp-content\/uploads\/2023\/09\/4_-min-scaled.jpg'><img loading=\"lazy\" decoding=\"async\" width=\"300\" height=\"300\" src=\"https:\/\/tahtaligrup.com\/insaat\/wp-content\/uploads\/2023\/09\/4_-min-300x300.jpg\" class=\"attachment-medium size-medium\" alt=\"\" srcset=\"https:\/\/tahtaligrup.com\/insaat\/wp-content\/uploads\/2023\/09\/4_-min-300x300.jpg 300w, https:\/\/tahtaligrup.com\/insaat\/wp-content\/uploads\/2023\/09\/4_-min-150x150.jpg 150w, https:\/\/tahtaligrup.com\/insaat\/wp-content\/uploads\/2023\/09\/4_-min-72x72.jpg 72w, https:\/\/tahtaligrup.com\/insaat\/wp-content\/uploads\/2023\/09\/4_-min-100x100.jpg 100w\" sizes=\"auto, (max-width: 300px) 100vw, 300px\" \/><\/a>\n\t\t\t<\/div><\/figure><figure class='gallery-item'>\n\t\t\t<div class='gallery-icon landscape'>\n\t\t\t\t<a href='https:\/\/tahtaligrup.com\/insaat\/wp-content\/uploads\/2023\/09\/5-min-scaled.jpg'><img loading=\"lazy\" decoding=\"async\" width=\"300\" height=\"300\" src=\"https:\/\/tahtaligrup.com\/insaat\/wp-content\/uploads\/2023\/09\/5-min-300x300.jpg\" class=\"attachment-medium size-medium\" alt=\"\" srcset=\"https:\/\/tahtaligrup.com\/insaat\/wp-content\/uploads\/2023\/09\/5-min-300x300.jpg 300w, https:\/\/tahtaligrup.com\/insaat\/wp-content\/uploads\/2023\/09\/5-min-150x150.jpg 150w, https:\/\/tahtaligrup.com\/insaat\/wp-content\/uploads\/2023\/09\/5-min-72x72.jpg 72w, https:\/\/tahtaligrup.com\/insaat\/wp-content\/uploads\/2023\/09\/5-min-100x100.jpg 100w\" sizes=\"auto, (max-width: 300px) 100vw, 300px\" \/><\/a>\n\t\t\t<\/div><\/figure><figure class='gallery-item'>\n\t\t\t<div class='gallery-icon landscape'>\n\t\t\t\t<a href='https:\/\/tahtaligrup.com\/insaat\/wp-content\/uploads\/2023\/09\/5_-min-scaled.jpg'><img loading=\"lazy\" decoding=\"async\" width=\"300\" height=\"300\" src=\"https:\/\/tahtaligrup.com\/insaat\/wp-content\/uploads\/2023\/09\/5_-min-300x300.jpg\" class=\"attachment-medium size-medium\" alt=\"\" srcset=\"https:\/\/tahtaligrup.com\/insaat\/wp-content\/uploads\/2023\/09\/5_-min-300x300.jpg 300w, https:\/\/tahtaligrup.com\/insaat\/wp-content\/uploads\/2023\/09\/5_-min-150x150.jpg 150w, https:\/\/tahtaligrup.com\/insaat\/wp-content\/uploads\/2023\/09\/5_-min-72x72.jpg 72w, https:\/\/tahtaligrup.com\/insaat\/wp-content\/uploads\/2023\/09\/5_-min-100x100.jpg 100w\" sizes=\"auto, (max-width: 300px) 100vw, 300px\" \/><\/a>\n\t\t\t<\/div><\/figure><figure class='gallery-item'>\n\t\t\t<div class='gallery-icon landscape'>\n\t\t\t\t<a href='https:\/\/tahtaligrup.com\/insaat\/wp-content\/uploads\/2023\/09\/6-min-scaled.jpg'><img loading=\"lazy\" decoding=\"async\" width=\"300\" height=\"300\" src=\"https:\/\/tahtaligrup.com\/insaat\/wp-content\/uploads\/2023\/09\/6-min-300x300.jpg\" class=\"attachment-medium size-medium\" alt=\"\" srcset=\"https:\/\/tahtaligrup.com\/insaat\/wp-content\/uploads\/2023\/09\/6-min-300x300.jpg 300w, https:\/\/tahtaligrup.com\/insaat\/wp-content\/uploads\/2023\/09\/6-min-150x150.jpg 150w, https:\/\/tahtaligrup.com\/insaat\/wp-content\/uploads\/2023\/09\/6-min-72x72.jpg 72w, https:\/\/tahtaligrup.com\/insaat\/wp-content\/uploads\/2023\/09\/6-min-100x100.jpg 100w\" sizes=\"auto, (max-width: 300px) 100vw, 300px\" \/><\/a>\n\t\t\t<\/div><\/figure><figure class='gallery-item'>\n\t\t\t<div class='gallery-icon landscape'>\n\t\t\t\t<a href='https:\/\/tahtaligrup.com\/insaat\/wp-content\/uploads\/2023\/09\/6_-min-scaled.jpg'><img loading=\"lazy\" decoding=\"async\" width=\"300\" height=\"300\" src=\"https:\/\/tahtaligrup.com\/insaat\/wp-content\/uploads\/2023\/09\/6_-min-300x300.jpg\" class=\"attachment-medium size-medium\" alt=\"\" srcset=\"https:\/\/tahtaligrup.com\/insaat\/wp-content\/uploads\/2023\/09\/6_-min-300x300.jpg 300w, https:\/\/tahtaligrup.com\/insaat\/wp-content\/uploads\/2023\/09\/6_-min-150x150.jpg 150w, https:\/\/tahtaligrup.com\/insaat\/wp-content\/uploads\/2023\/09\/6_-min-72x72.jpg 72w, https:\/\/tahtaligrup.com\/insaat\/wp-content\/uploads\/2023\/09\/6_-min-100x100.jpg 100w\" sizes=\"auto, (max-width: 300px) 100vw, 300px\" \/><\/a>\n\t\t\t<\/div><\/figure><figure class='gallery-item'>\n\t\t\t<div class='gallery-icon landscape'>\n\t\t\t\t<a href='https:\/\/tahtaligrup.com\/insaat\/wp-content\/uploads\/2023\/09\/APART_1-min-scaled.jpg'><img loading=\"lazy\" decoding=\"async\" width=\"300\" height=\"300\" src=\"https:\/\/tahtaligrup.com\/insaat\/wp-content\/uploads\/2023\/09\/APART_1-min-300x300.jpg\" class=\"attachment-medium size-medium\" alt=\"\" srcset=\"https:\/\/tahtaligrup.com\/insaat\/wp-content\/uploads\/2023\/09\/APART_1-min-300x300.jpg 300w, https:\/\/tahtaligrup.com\/insaat\/wp-content\/uploads\/2023\/09\/APART_1-min-150x150.jpg 150w, https:\/\/tahtaligrup.com\/insaat\/wp-content\/uploads\/2023\/09\/APART_1-min-72x72.jpg 72w, https:\/\/tahtaligrup.com\/insaat\/wp-content\/uploads\/2023\/09\/APART_1-min-100x100.jpg 100w\" sizes=\"auto, (max-width: 300px) 100vw, 300px\" \/><\/a>\n\t\t\t<\/div><\/figure><figure class='gallery-item'>\n\t\t\t<div class='gallery-icon landscape'>\n\t\t\t\t<a href='https:\/\/tahtaligrup.com\/insaat\/wp-content\/uploads\/2023\/09\/APART_2-min-scaled.jpg'><img loading=\"lazy\" decoding=\"async\" width=\"300\" height=\"300\" src=\"https:\/\/tahtaligrup.com\/insaat\/wp-content\/uploads\/2023\/09\/APART_2-min-300x300.jpg\" class=\"attachment-medium size-medium\" alt=\"\" srcset=\"https:\/\/tahtaligrup.com\/insaat\/wp-content\/uploads\/2023\/09\/APART_2-min-300x300.jpg 300w, https:\/\/tahtaligrup.com\/insaat\/wp-content\/uploads\/2023\/09\/APART_2-min-150x150.jpg 150w, https:\/\/tahtaligrup.com\/insaat\/wp-content\/uploads\/2023\/09\/APART_2-min-72x72.jpg 72w, https:\/\/tahtaligrup.com\/insaat\/wp-content\/uploads\/2023\/09\/APART_2-min-100x100.jpg 100w\" sizes=\"auto, (max-width: 300px) 100vw, 300px\" \/><\/a>\n\t\t\t<\/div><\/figure><figure class='gallery-item'>\n\t\t\t<div class='gallery-icon landscape'>\n\t\t\t\t<a href='https:\/\/tahtaligrup.com\/insaat\/wp-content\/uploads\/2023\/09\/HOTEL-min-scaled.jpg'><img loading=\"lazy\" decoding=\"async\" width=\"300\" height=\"300\" src=\"https:\/\/tahtaligrup.com\/insaat\/wp-content\/uploads\/2023\/09\/HOTEL-min-300x300.jpg\" class=\"attachment-medium size-medium\" alt=\"\" srcset=\"https:\/\/tahtaligrup.com\/insaat\/wp-content\/uploads\/2023\/09\/HOTEL-min-300x300.jpg 300w, https:\/\/tahtaligrup.com\/insaat\/wp-content\/uploads\/2023\/09\/HOTEL-min-150x150.jpg 150w, https:\/\/tahtaligrup.com\/insaat\/wp-content\/uploads\/2023\/09\/HOTEL-min-72x72.jpg 72w, https:\/\/tahtaligrup.com\/insaat\/wp-content\/uploads\/2023\/09\/HOTEL-min-100x100.jpg 100w\" sizes=\"auto, (max-width: 300px) 100vw, 300px\" \/><\/a>\n\t\t\t<\/div><\/figure><figure class='gallery-item'>\n\t\t\t<div class='gallery-icon landscape'>\n\t\t\t\t<a href='https:\/\/tahtaligrup.com\/insaat\/wp-content\/uploads\/2023\/09\/HOTEL_10-min-scaled.jpg'><img loading=\"lazy\" decoding=\"async\" width=\"300\" height=\"300\" src=\"https:\/\/tahtaligrup.com\/insaat\/wp-content\/uploads\/2023\/09\/HOTEL_10-min-300x300.jpg\" class=\"attachment-medium size-medium\" alt=\"\" srcset=\"https:\/\/tahtaligrup.com\/insaat\/wp-content\/uploads\/2023\/09\/HOTEL_10-min-300x300.jpg 300w, https:\/\/tahtaligrup.com\/insaat\/wp-content\/uploads\/2023\/09\/HOTEL_10-min-150x150.jpg 150w, https:\/\/tahtaligrup.com\/insaat\/wp-content\/uploads\/2023\/09\/HOTEL_10-min-72x72.jpg 72w, https:\/\/tahtaligrup.com\/insaat\/wp-content\/uploads\/2023\/09\/HOTEL_10-min-100x100.jpg 100w\" sizes=\"auto, (max-width: 300px) 100vw, 300px\" \/><\/a>\n\t\t\t<\/div><\/figure><figure class='gallery-item'>\n\t\t\t<div class='gallery-icon landscape'>\n\t\t\t\t<a href='https:\/\/tahtaligrup.com\/insaat\/wp-content\/uploads\/2023\/09\/VAZIYET_0-min-scaled.jpg'><img loading=\"lazy\" decoding=\"async\" width=\"300\" height=\"300\" src=\"https:\/\/tahtaligrup.com\/insaat\/wp-content\/uploads\/2023\/09\/VAZIYET_0-min-300x300.jpg\" class=\"attachment-medium size-medium\" alt=\"\" srcset=\"https:\/\/tahtaligrup.com\/insaat\/wp-content\/uploads\/2023\/09\/VAZIYET_0-min-300x300.jpg 300w, https:\/\/tahtaligrup.com\/insaat\/wp-content\/uploads\/2023\/09\/VAZIYET_0-min-150x150.jpg 150w, https:\/\/tahtaligrup.com\/insaat\/wp-content\/uploads\/2023\/09\/VAZIYET_0-min-72x72.jpg 72w, https:\/\/tahtaligrup.com\/insaat\/wp-content\/uploads\/2023\/09\/VAZIYET_0-min-100x100.jpg 100w\" sizes=\"auto, (max-width: 300px) 100vw, 300px\" \/><\/a>\n\t\t\t<\/div><\/figure><figure class='gallery-item'>\n\t\t\t<div class='gallery-icon landscape'>\n\t\t\t\t<a href='https:\/\/tahtaligrup.com\/insaat\/wp-content\/uploads\/2023\/09\/VAZIYET_8-min-scaled.jpg'><img loading=\"lazy\" decoding=\"async\" width=\"300\" height=\"300\" src=\"https:\/\/tahtaligrup.com\/insaat\/wp-content\/uploads\/2023\/09\/VAZIYET_8-min-300x300.jpg\" class=\"attachment-medium size-medium\" alt=\"\" srcset=\"https:\/\/tahtaligrup.com\/insaat\/wp-content\/uploads\/2023\/09\/VAZIYET_8-min-300x300.jpg 300w, https:\/\/tahtaligrup.com\/insaat\/wp-content\/uploads\/2023\/09\/VAZIYET_8-min-150x150.jpg 150w, https:\/\/tahtaligrup.com\/insaat\/wp-content\/uploads\/2023\/09\/VAZIYET_8-min-72x72.jpg 72w, https:\/\/tahtaligrup.com\/insaat\/wp-content\/uploads\/2023\/09\/VAZIYET_8-min-100x100.jpg 100w\" sizes=\"auto, (max-width: 300px) 100vw, 300px\" \/><\/a>\n\t\t\t<\/div><\/figure><figure class='gallery-item'>\n\t\t\t<div class='gallery-icon landscape'>\n\t\t\t\t<a href='https:\/\/tahtaligrup.com\/insaat\/wp-content\/uploads\/2023\/09\/Viila-2-min-scaled.jpg'><img loading=\"lazy\" decoding=\"async\" width=\"300\" height=\"300\" src=\"https:\/\/tahtaligrup.com\/insaat\/wp-content\/uploads\/2023\/09\/Viila-2-min-300x300.jpg\" class=\"attachment-medium size-medium\" alt=\"\" srcset=\"https:\/\/tahtaligrup.com\/insaat\/wp-content\/uploads\/2023\/09\/Viila-2-min-300x300.jpg 300w, https:\/\/tahtaligrup.com\/insaat\/wp-content\/uploads\/2023\/09\/Viila-2-min-150x150.jpg 150w, https:\/\/tahtaligrup.com\/insaat\/wp-content\/uploads\/2023\/09\/Viila-2-min-72x72.jpg 72w, https:\/\/tahtaligrup.com\/insaat\/wp-content\/uploads\/2023\/09\/Viila-2-min-100x100.jpg 100w\" sizes=\"auto, (max-width: 300px) 100vw, 300px\" \/><\/a>\n\t\t\t<\/div><\/figure><figure class='gallery-item'>\n\t\t\t<div class='gallery-icon landscape'>\n\t\t\t\t<a href='https:\/\/tahtaligrup.com\/insaat\/wp-content\/uploads\/2023\/09\/Viila-4-min-scaled.jpg'><img loading=\"lazy\" decoding=\"async\" width=\"300\" height=\"300\" src=\"https:\/\/tahtaligrup.com\/insaat\/wp-content\/uploads\/2023\/09\/Viila-4-min-300x300.jpg\" class=\"attachment-medium size-medium\" alt=\"\" srcset=\"https:\/\/tahtaligrup.com\/insaat\/wp-content\/uploads\/2023\/09\/Viila-4-min-300x300.jpg 300w, https:\/\/tahtaligrup.com\/insaat\/wp-content\/uploads\/2023\/09\/Viila-4-min-150x150.jpg 150w, https:\/\/tahtaligrup.com\/insaat\/wp-content\/uploads\/2023\/09\/Viila-4-min-72x72.jpg 72w, https:\/\/tahtaligrup.com\/insaat\/wp-content\/uploads\/2023\/09\/Viila-4-min-100x100.jpg 100w\" sizes=\"auto, (max-width: 300px) 100vw, 300px\" \/><\/a>\n\t\t\t<\/div><\/figure>\n\t\t<\/div>\n\n<\/div>\n<\/div><\/div><\/div><\/div><\/div><\/div><div id=\"pg-14846-2\"  class=\"panel-grid panel-no-style\" ><div id=\"pgc-14846-2-0\"  class=\"panel-grid-cell\" ><div id=\"panel-14846-2-0-0\" class=\"so-panel widget widget_sow-editor panel-first-child panel-last-child widgetopts-SO\" data-index=\"2\" ><div class=\"animate animate-1 panel-widget-style panel-widget-style-for-14846-2-0-0\" ><div\n\t\t\t\n\t\t\tclass=\"so-widget-sow-editor so-widget-sow-editor-base\"\n\t\t\t\n\t\t>\n<div class=\"siteorigin-widget-tinymce textwidget\">\n\t<p><\/p>\n<h2 style=\"text-align: center;\"><strong>Di\u011fer G\u00f6rseller.<\/strong><\/h2>\n<div class=\"dash centered style-dark\"><\/div>\n<\/div>\n<\/div><\/div><\/div><\/div><\/div><div id=\"pg-14846-3\"  class=\"panel-grid panel-no-style\" ><div id=\"pgc-14846-3-0\"  class=\"panel-grid-cell\" ><div id=\"panel-14846-3-0-0\" class=\"so-panel widget widget_interico_image_box panel-first-child panel-last-child widgetopts-SO\" data-index=\"3\" ><div class=\"animate animate-1 panel-widget-style panel-widget-style-for-14846-3-0-0\" >\t\t\t\r\n\t\t\r\n\t\t<!-- Begin Service item -->\r\n\t\t\t<div class=\"content-box service-item alignment-centered service-box-default\">\r\n\t\t\t\t<a href=\"https:\/\/tahtaligrup.com\/insaat\/projeler\/tahtali-life\/\">\r\n\t\t\t\t\t<div class=\"image-container\">\r\n\t\t\t\t\t\t\t\t\t\t\t\t<div class=\"arrow-box\"><span class=\"icon-arrow-right\"><\/span><\/div>\r\n\t\t\t\t\t\t\t\t\t\t\t\t\t<img decoding=\"async\" src=\"https:\/\/tahtaligrup.com\/insaat\/wp-content\/uploads\/2018\/10\/Fatih-Sitesi-\u0130hsaniye-1.jpg\" alt=\"Projeye D\u00f6n\">\r\n\t\t\t\t\t\t\t\t\t\t\t<\/div>\r\n\t\t\t\t\t<div class=\"content-box-info\">\r\n\t\t\t\t\t\t<h4 class=\"box-heading\">Projeye D\u00f6n<\/h4>\r\n\t\t\t\t\t\t\t\t\t\t\t\t\t\t\t\t\t<\/div>\r\n\t\t\t\t<\/a>\r\n\t\t\t<\/div>\r\n\t\t<!-- End Service item -->\t\r\n\r\n\t\t<\/div><\/div><\/div><div id=\"pgc-14846-3-1\"  class=\"panel-grid-cell panel-grid-cell-empty\" ><\/div><div id=\"pgc-14846-3-2\"  class=\"panel-grid-cell panel-grid-cell-empty panel-grid-cell-mobile-last\" ><\/div><div id=\"pgc-14846-3-3\"  class=\"panel-grid-cell panel-grid-cell-empty\" ><\/div><\/div><\/div>","protected":false},"excerpt":{"rendered":"<p>D\u0131\u015f G\u00f6rseller.<\/p>\n","protected":false},"author":1,"featured_media":0,"parent":0,"menu_order":0,"comment_status":"closed","ping_status":"closed","template":"","meta":{"footnotes":""},"class_list":["post-14846","page","type-page","status-publish","hentry"],"aioseo_notices":[],"_links":{"self":[{"href":"https:\/\/tahtaligrup.com\/insaat\/wp-json\/wp\/v2\/pages\/14846","targetHints":{"allow":["GET"]}}],"collection":[{"href":"https:\/\/tahtaligrup.com\/insaat\/wp-json\/wp\/v2\/pages"}],"about":[{"href":"https:\/\/tahtaligrup.com\/insaat\/wp-json\/wp\/v2\/types\/page"}],"author":[{"embeddable":true,"href":"https:\/\/tahtaligrup.com\/insaat\/wp-json\/wp\/v2\/users\/1"}],"replies":[{"embeddable":true,"href":"https:\/\/tahtaligrup.com\/insaat\/wp-json\/wp\/v2\/comments?post=14846"}],"version-history":[{"count":6,"href":"https:\/\/tahtaligrup.com\/insaat\/wp-json\/wp\/v2\/pages\/14846\/revisions"}],"predecessor-version":[{"id":14873,"href":"https:\/\/tahtaligrup.com\/insaat\/wp-json\/wp\/v2\/pages\/14846\/revisions\/14873"}],"wp:attachment":[{"href":"https:\/\/tahtaligrup.com\/insaat\/wp-json\/wp\/v2\/media?parent=14846"}],"curies":[{"name":"wp","href":"https:\/\/api.w.org\/{rel}","templated":true}]}}