{"id":7950,"date":"2016-07-28T10:46:34","date_gmt":"2016-07-28T10:46:34","guid":{"rendered":"http:\/\/themicart.com\/interico-wp\/?page_id=15"},"modified":"2026-04-15T17:40:03","modified_gmt":"2026-04-15T14:40:03","slug":"kurumsal","status":"publish","type":"page","link":"https:\/\/tahtaligrup.com\/insaat\/kurumsal\/","title":{"rendered":"KURUMSAL"},"content":{"rendered":"<div id=\"pl-7950\"  class=\"panel-layout\" ><div id=\"pg-7950-0\"  class=\"panel-grid panel-no-style\" ><div id=\"pgc-7950-0-0\"  class=\"panel-grid-cell\" ><div id=\"panel-7950-0-0-0\" class=\"so-panel widget widget_black-studio-tinymce widget_black_studio_tinymce panel-first-child panel-last-child\" data-index=\"0\" ><div class=\"textwidget\"><h2 style=\"text-align: left;\"><strong>Kalite - \u00c7evre - \u0130SG Politikam\u0131z.<\/strong><\/h2>\n<div class=\"dash style-dark\"><\/div><\/div><\/div><\/div><div id=\"pgc-7950-0-1\"  class=\"panel-grid-cell\" ><div id=\"panel-7950-0-1-0\" class=\"so-panel widget widget_black-studio-tinymce widget_black_studio_tinymce panel-first-child panel-last-child\" data-index=\"1\" ><div class=\"textwidget\"><p>M\u00fc\u015fterinin ihtiya\u00e7 ve beklentilerini dikkate alarak, m\u00fc\u015fteri memnuniyetini s\u00fcrekli k\u0131lmay\u0131, yap\u0131m kalitesini artt\u0131rmay\u0131 ve kalite kontrol sistemini \u00e7a\u011f\u0131n gerektirdi\u011fi normlarda maksimum seviyede uygulamay\u0131, M\u00fchendislik ve mimari alanlarda uygulanan son teknoloji geli\u015fmeleri yak\u0131ndan takip ederek, \u00e7evre duyarl\u0131l\u0131\u011f\u0131 ve kalitesini s\u00fcrekli artt\u0131rmay\u0131,\u00a0Her seviyedeki profesyonel \u00e7al\u0131\u015fanlar\u0131 ile projelerimizi s\u00fcrd\u00fcr\u00fcrken, \u00e7al\u0131\u015fanlar\u0131n\u0131 periyodik e\u011fitimler arac\u0131l\u0131\u011f\u0131yla bilgilerini s\u00fcrekli g\u00fcncel k\u0131lmay\u0131,<\/p>\n<\/div><\/div><\/div><div id=\"pgc-7950-0-2\"  class=\"panel-grid-cell\" ><div id=\"panel-7950-0-2-0\" class=\"so-panel widget widget_black-studio-tinymce widget_black_studio_tinymce panel-first-child panel-last-child\" data-index=\"2\" ><div class=\"textwidget\"><p>Y\u00fcr\u00fcrl\u00fckte bulunan yasa ve y\u00f6netmeliklerde ge\u00e7en \u00e7evre boyutlar\u0131 ve \u0130SG (\u0130\u015f Sa\u011fl\u0131\u011f\u0131 ve G\u00fcvenli\u011fi) riskleri ile ili\u015fkili t\u00fcm yasal \u015fartlara uymay\u0131 ve uygunlu\u011funu takip etmeyi,\u00a0G\u00fcvenli \u00e7al\u0131\u015fma alanlar\u0131 yaratarak gerek ofislerimiz gerekse \u015fantiyelerimizin i\u015f kazalar\u0131n\u0131 ve meslek hastal\u0131klar\u0131n\u0131 minimuma indirmeyi,\u00a0Do\u011fal kaynak kullan\u0131m\u0131n\u0131 ve \u00e7evre kirlili\u011fini dikkate alarak ofis ve \u015fantiyelerimizde do\u011faya duyarl\u0131 \u00e7al\u0131\u015fmalar yapmay\u0131 taahh\u00fct ederiz.<\/p>\n<\/div><\/div><\/div><\/div><div id=\"pg-7950-1\"  class=\"panel-grid panel-has-style\" ><div class=\"siteorigin-panels-stretch panel-row-style panel-row-style-for-7950-1\" data-stretch-type=\"full\" ><div id=\"pgc-7950-1-0\"  class=\"panel-grid-cell panel-grid-cell-empty\" ><\/div><div id=\"pgc-7950-1-1\"  class=\"panel-grid-cell panel-grid-cell-mobile-last\" ><div id=\"panel-7950-1-1-0\" class=\"so-panel widget widget_siteorigin-panels-builder panel-first-child panel-last-child widgetopts-SO\" data-index=\"3\" ><div id=\"pl-w69dfa343d08f7\"  class=\"panel-layout\" ><div id=\"pg-w69dfa343d08f7-0\"  class=\"panel-grid panel-has-style\" ><div class=\"panel-row-style panel-row-style-for-w69dfa343d08f7-0\" ><div id=\"pgc-w69dfa343d08f7-0-0\"  class=\"panel-grid-cell\" ><div id=\"panel-w69dfa343d08f7-0-0-0\" class=\"so-panel widget widget_black-studio-tinymce widget_black_studio_tinymce panel-first-child panel-last-child\" data-index=\"0\" ><div class=\"animate animate-1 panel-widget-style panel-widget-style-for-w69dfa343d08f7-0-0-0\" ><div class=\"textwidget\"><p style=\"text-align: center;\"><span class=\"subtitle dash-false style-light\">Tahtal\u0131 Grup \u0130n\u015faat A.\u015e. Ekibi<\/span><\/p>\n\n<h2 style=\"text-align: center;\"><span style=\"color: #ffffff;\"><strong>G\u00fczel projelerin<\/strong>\n<strong>ard\u0131ndaki ba\u015far\u0131l\u0131 tak\u0131m.<\/strong><\/span><\/h2>\n<div class=\"dash centered style-light\"><\/div><\/div><\/div><\/div><\/div><\/div><\/div><div id=\"pg-w69dfa343d08f7-1\"  class=\"panel-grid panel-no-style\" ><div id=\"pgc-w69dfa343d08f7-1-0\"  class=\"panel-grid-cell\" ><div id=\"panel-w69dfa343d08f7-1-0-0\" class=\"so-panel widget widget_interico_team_member panel-first-child panel-last-child\" data-index=\"1\" ><div class=\"animate animate-1 panel-widget-style panel-widget-style-for-w69dfa343d08f7-1-0-0\" >\r\n\t\t<!-- Begin team member -->\r\n\t\t<div class=\"team-member\">\r\n\t\t\t\t\t\t\t<div class=\"content-box\">\r\n\t\t\t\t\t\t\t\t\t\t\t<div class=\"image-container\">\r\n\t\t\t\t\t\t\t<div class=\"member-details\">\r\n\t\t\t\t\t\t\t\t\t\t\t\t\t\t\t\t\t\t\t\t\t\t\t\t\t\t\t\t\t\t\t<\/div>\r\n\t\t\t\t\t\t\t<div class=\"side-overlay\"><\/div>\r\n\t\t\t\t\t\t\t\t\t\t\t\t\t\t\t<div class=\"vertical-number-box\">\r\n\t\t\t\t\t\t\t\t\t<span class=\"vertical-number\">Y\u00f6netim Kurulu B.<\/span>\r\n\t\t\t\t\t\t\t\t<\/div>\r\n\t\t\t\t\t\t\t\t\t\t\t\t\t\t<img decoding=\"async\" src=\"https:\/\/tahtaligrup.com\/insaat\/wp-content\/uploads\/2018\/09\/Ahmet-Tahtal\u0131.jpg\" alt=\"Ahmet Tahtal\u0131\">\r\n\t\t\t\t\t\t<\/div>\r\n\t\t\t\t\t\t\t\t\t\t<div class=\"content-box-info\">\r\n\t\t\t\t\t\t<h4>Ahmet Tahtal\u0131<\/h4>\r\n\t\t\t\t\t<\/div>\r\n\t\t\t\t<\/div>\r\n\t\t\t\t\t<\/div>\r\n\t\t<!-- End team member -->\r\n\r\n\t\t<\/div><\/div><\/div><div id=\"pgc-w69dfa343d08f7-1-1\"  class=\"panel-grid-cell\" ><div id=\"panel-w69dfa343d08f7-1-1-0\" class=\"so-panel widget widget_interico_team_member panel-first-child panel-last-child widgetopts-SO\" data-index=\"2\" ><div class=\"animate animate-2 panel-widget-style panel-widget-style-for-w69dfa343d08f7-1-1-0\" >\r\n\t\t<!-- Begin team member -->\r\n\t\t<div class=\"team-member\">\r\n\t\t\t\t\t\t\t<div class=\"content-box\">\r\n\t\t\t\t\t\t\t\t\t\t\t<div class=\"image-container\">\r\n\t\t\t\t\t\t\t<div class=\"member-details\">\r\n\t\t\t\t\t\t\t\t\t\t\t\t\t\t\t\t\t\t\t\t\t\t\t\t\t\t\t\t\t\t\t<\/div>\r\n\t\t\t\t\t\t\t<div class=\"side-overlay\"><\/div>\r\n\t\t\t\t\t\t\t\t\t\t\t\t\t\t\t<div class=\"vertical-number-box\">\r\n\t\t\t\t\t\t\t\t\t<span class=\"vertical-number\">Genel Koordinat\u00f6r<\/span>\r\n\t\t\t\t\t\t\t\t<\/div>\r\n\t\t\t\t\t\t\t\t\t\t\t\t\t\t<img decoding=\"async\" src=\"https:\/\/tahtaligrup.com\/insaat\/wp-content\/uploads\/2026\/04\/Fatih-Tahtali.jpg\" alt=\"Fatih Tahtal\u0131\">\r\n\t\t\t\t\t\t<\/div>\r\n\t\t\t\t\t\t\t\t\t\t<div class=\"content-box-info\">\r\n\t\t\t\t\t\t<h4>Fatih Tahtal\u0131<\/h4>\r\n\t\t\t\t\t<\/div>\r\n\t\t\t\t<\/div>\r\n\t\t\t\t\t<\/div>\r\n\t\t<!-- End team member -->\r\n\r\n\t\t<\/div><\/div><\/div><div id=\"pgc-w69dfa343d08f7-1-2\"  class=\"panel-grid-cell\" ><div id=\"panel-w69dfa343d08f7-1-2-0\" class=\"so-panel widget widget_interico_team_member panel-first-child panel-last-child widgetopts-SO\" data-index=\"3\" ><div class=\"animate animate-3 panel-widget-style panel-widget-style-for-w69dfa343d08f7-1-2-0\" >\r\n\t\t<!-- Begin team member -->\r\n\t\t<div class=\"team-member\">\r\n\t\t\t\t\t\t\t<div class=\"content-box\">\r\n\t\t\t\t\t\t\t\t\t\t\t<div class=\"image-container\">\r\n\t\t\t\t\t\t\t<div class=\"member-details\">\r\n\t\t\t\t\t\t\t\t\t\t\t\t\t\t\t\t\t\t\t\t\t\t\t\t\t\t\t\t\t\t\t<\/div>\r\n\t\t\t\t\t\t\t<div class=\"side-overlay\"><\/div>\r\n\t\t\t\t\t\t\t\t\t\t\t\t\t\t\t<div class=\"vertical-number-box\">\r\n\t\t\t\t\t\t\t\t\t<span class=\"vertical-number\">Sat\u0131\u015f M\u00fcd\u00fcr\u00fc<\/span>\r\n\t\t\t\t\t\t\t\t<\/div>\r\n\t\t\t\t\t\t\t\t\t\t\t\t\t\t<img decoding=\"async\" src=\"https:\/\/tahtaligrup.com\/insaat\/wp-content\/uploads\/2026\/04\/Enes-Tahtali-2026.jpg\" alt=\"Enes Tahtal\u0131\">\r\n\t\t\t\t\t\t<\/div>\r\n\t\t\t\t\t\t\t\t\t\t<div class=\"content-box-info\">\r\n\t\t\t\t\t\t<h4>Enes Tahtal\u0131<\/h4>\r\n\t\t\t\t\t<\/div>\r\n\t\t\t\t<\/div>\r\n\t\t\t\t\t<\/div>\r\n\t\t<!-- End team member -->\r\n\r\n\t\t<\/div><\/div><\/div><div id=\"pgc-w69dfa343d08f7-1-3\"  class=\"panel-grid-cell\" ><div id=\"panel-w69dfa343d08f7-1-3-0\" class=\"so-panel widget widget_interico_team_member panel-first-child panel-last-child\" data-index=\"4\" ><div class=\"animate animate-4 panel-widget-style panel-widget-style-for-w69dfa343d08f7-1-3-0\" >\r\n\t\t<!-- Begin team member -->\r\n\t\t<div class=\"team-member\">\r\n\t\t\t\t\t\t\t<div class=\"content-box\">\r\n\t\t\t\t\t\t\t\t\t\t\t<div class=\"image-container\">\r\n\t\t\t\t\t\t\t<div class=\"member-details\">\r\n\t\t\t\t\t\t\t\t\t\t\t\t\t\t\t\t\t\t\t\t\t\t\t\t\t\t\t\t\t\t\t<\/div>\r\n\t\t\t\t\t\t\t<div class=\"side-overlay\"><\/div>\r\n\t\t\t\t\t\t\t\t\t\t\t\t\t\t\t<div class=\"vertical-number-box\">\r\n\t\t\t\t\t\t\t\t\t<span class=\"vertical-number\">Halkla \u0130li\u015fkiler M.<\/span>\r\n\t\t\t\t\t\t\t\t<\/div>\r\n\t\t\t\t\t\t\t\t\t\t\t\t\t\t<img decoding=\"async\" src=\"https:\/\/tahtaligrup.com\/insaat\/wp-content\/uploads\/2018\/09\/Zeynep-Tahtali.jpg\" alt=\"Zeynep Tahtal\u0131\">\r\n\t\t\t\t\t\t<\/div>\r\n\t\t\t\t\t\t\t\t\t\t<div class=\"content-box-info\">\r\n\t\t\t\t\t\t<h4>Zeynep Tahtal\u0131<\/h4>\r\n\t\t\t\t\t<\/div>\r\n\t\t\t\t<\/div>\r\n\t\t\t\t\t<\/div>\r\n\t\t<!-- End team member -->\r\n\r\n\t\t<\/div><\/div><\/div><\/div><\/div><\/div><\/div><div id=\"pgc-7950-1-2\"  class=\"panel-grid-cell panel-grid-cell-empty\" ><\/div><\/div><\/div><div id=\"pg-7950-2\"  class=\"panel-grid panel-no-style\" ><div id=\"pgc-7950-2-0\"  class=\"panel-grid-cell\" ><div id=\"panel-7950-2-0-0\" class=\"so-panel widget widget_sow-editor panel-first-child panel-last-child\" data-index=\"4\" ><div class=\"shadow-box overlap-right animate animate-1 panel-widget-style panel-widget-style-for-7950-2-0-0\" ><div\n\t\t\t\n\t\t\tclass=\"so-widget-sow-editor so-widget-sow-editor-base\"\n\t\t\t\n\t\t>\n<div class=\"siteorigin-widget-tinymce textwidget\">\n\t<span class=\"subtitle dash-false style-dark\">Tahtal\u0131 Grup \u0130n\u015faat A.\u015e.<\/span>\n<h2><strong>HAKKIMIZDA<\/strong><\/h2>\n<div class=\"dash style-dark\"><\/div>\n<p>Tahtal\u0131 Grup \u0130n\u015faat Anonim \u015eirketi Bursa ve t\u00fcm T\u00fcrkiye'de g\u00fcn\u00fcm\u00fcz ihtiya\u00e7lar\u0131 g\u00f6z \u00f6n\u00fcnde bulundurularak nitelikli konut projeleri \u00fcretmek, ayr\u0131ca \u00fcniversite b\u00f6lgelerinde \u00f6\u011frencilerin ihtiya\u00e7lar\u0131 dahilinde bar\u0131nabilmeleri, sosyal ya\u015fayabilmeleri ve her ihtiyac\u0131n\u0131 ayn\u0131 noktada kar\u015f\u0131layabilmeleri maksad\u0131 ile st\u00fcdyo daireler sosyal tesisler, al\u0131\u015fveri\u015f merkezleri, k\u00fclt\u00fcr ve spor alanlar\u0131n\u0131 da i\u00e7ine alan komplike tesisler ve T\u00fcrkiye\u2019de ve d\u00fcnyada Termal Turizmi yayg\u0131nla\u015ft\u0131rmak ve termal tesisleri sa\u011fl\u0131k sekt\u00f6r\u00fcnde de kulland\u0131rmak amac\u0131yla termal tatil k\u00f6yleri ve termal turizm tesisleri hayata ge\u00e7irmek \u00fczere 2004 y\u0131l\u0131nda kurulmu\u015ftur.<\/p>\n<\/div>\n<\/div><\/div><\/div><\/div><div id=\"pgc-7950-2-1\"  class=\"panel-grid-cell\" ><div id=\"panel-7950-2-1-0\" class=\"so-panel widget widget_black-studio-tinymce widget_black_studio_tinymce panel-first-child panel-last-child\" data-index=\"5\" ><div class=\"animate animate-2 panel-widget-style panel-widget-style-for-7950-2-1-0\" ><div class=\"textwidget\"><img loading=\"lazy\" decoding=\"async\" class=\"alignnone size-full wp-image-10041\" src=\"https:\/\/tahtaligrup.com\/insaat\/wp-content\/uploads\/2018\/10\/Mutluluka.jpg\" alt=\"\" width=\"560\" height=\"740\" \/><\/a><\/div><\/div><\/div><\/div><\/div><div id=\"pg-7950-3\"  class=\"panel-grid panel-no-style\" ><div id=\"pgc-7950-3-0\"  class=\"panel-grid-cell\" ><div id=\"panel-7950-3-0-0\" class=\"so-panel widget widget_black-studio-tinymce widget_black_studio_tinymce panel-first-child panel-last-child\" data-index=\"6\" ><div class=\"animate animate-1 panel-widget-style panel-widget-style-for-7950-3-0-0\" ><div class=\"textwidget\"><img loading=\"lazy\" decoding=\"async\" class=\"alignnone size-full wp-image-10041\" src=\"https:\/\/tahtaligrup.com\/insaat\/wp-content\/uploads\/2018\/09\/kaplumbaga-terbiyecisi.jpg\" alt=\"\" width=\"560\" height=\"740\" \/><\/a><\/div><\/div><\/div><\/div><div id=\"pgc-7950-3-1\"  class=\"panel-grid-cell\" ><div id=\"panel-7950-3-1-0\" class=\"so-panel widget widget_sow-editor panel-first-child panel-last-child\" data-index=\"7\" ><div class=\"shadow-box overlap-left animate animate-2 panel-widget-style panel-widget-style-for-7950-3-1-0\" ><div\n\t\t\t\n\t\t\tclass=\"so-widget-sow-editor so-widget-sow-editor-base\"\n\t\t\t\n\t\t>\n<div class=\"siteorigin-widget-tinymce textwidget\">\n\t<span class=\"subtitle dash-false style-dark\">Tahtal\u0131 Grup \u0130n\u015faat A.\u015e.<\/span>\n<h2><strong>FELSEFEM\u0130Z<\/strong><\/h2>\n<div class=\"dash style-dark\"><\/div>\n<ul class=\"nav nav-tabs style-accent\" id=\"custom-tabs-61\"><li class=\"active\"><a href=\"#custom-tab-0-misyon\"  data-toggle=\"tab\">Misyon<\/a><\/li><li><a href=\"#custom-tab-0-vizyon\"  data-toggle=\"tab\">Vizyon<\/a><\/li><\/ul><div class=\"tab-content style-accent\">\n<div id=\"custom-tab-0-misyon\" class=\"tab-pane animated fadeIn active\">\n<ul>\n \t<li>Faaliyette bulundu\u011fumuz sekt\u00f6rlerde istikrar sa\u011flayarak s\u00fcrekli ve sa\u011fl\u0131kl\u0131 b\u00fcy\u00fcmek.<\/li>\n \t<li>Bursa\u2019n\u0131n ve T\u00fcrkiye\u2019nin \u00f6nde gelen, \u00f6rnek al\u0131nan firmalar\u0131ndan olmak.<\/li>\n \t<li>Kaliteli ve g\u00fcvenilir yap\u0131lar olu\u015fturarak m\u00fc\u015fterilerimizin ilk tercihi olmak.<\/li>\n \t<li>\u015eirketimizin maddi ve manevi varl\u0131klar\u0131n\u0131 b\u00fcy\u00fcterek gelecek as\u0131rlara Tahtal\u0131 Grup ad\u0131n\u0131 ta\u015f\u0131yabilmek.<\/li>\n<\/ul>\n<\/div>\n<div id=\"custom-tab-0-vizyon\" class=\"tab-pane animated fadeIn \">\n<ul>\n \t<li>\u00c7a\u011f\u0131n gereklerini uzmanl\u0131k alanlar\u0131nda titizlikle uygulayarak, en de\u011ferli kayna\u011f\u0131 olan \u00e7al\u0131\u015fan\u0131n\u0131n g\u00fcc\u00fcne, deste\u011fine ve bilgisine de\u011fer vererek \u00e7al\u0131\u015fmak.<\/li>\n \t<li>Bursa ve beraberinde T\u00fcrkiye ekonomisine hareket vermek ad\u0131na yeni projeler \u00fcretmek.<\/li>\n \t<li>Yap\u0131 sekt\u00f6r\u00fcndeki en son geli\u015fmeleri takip etmek, bu geli\u015fmeleri uygulamak ve sekt\u00f6re sundu\u011fu yeniliklerle katk\u0131da bulunmak.<\/li>\n \t<li>\u0130\u015f orta\u011f\u0131 olan kurum ve ki\u015filerle uyum i\u00e7erisinde, \u00e7evreye zarar vermeden \u00e7al\u0131\u015fmak.<\/li>\n \t<li>M\u00fc\u015fteri memnuniyetini her \u015feyin \u00fczerinde tutarak, t\u00fcm yap\u0131lar\u0131m\u0131zda kendimiz ya\u015fayacakm\u0131\u015f\u0131z d\u00fc\u015f\u00fcncesiyle \u00f6zel bir titizlik g\u00f6stermek ve m\u00fc\u015fterilerimizin g\u00fcvenine lay\u0131k olmaya \u00e7al\u0131\u015fmak.<\/li>\n \t<li>De\u011fi\u015fen ihtiya\u00e7lara yan\u0131t vermek misyonumuzu asla terk etmeden s\u00fcrekli geli\u015ferek ve b\u00fcy\u00fcyerek, sekt\u00f6r\u00fcn \u00f6nde gelen firmalar\u0131ndan olmak.<\/li>\n\n<\/ul>\n<\/div>\n<\/div><\/div>\n<\/div><\/div><\/div><\/div><\/div><\/div>","protected":false},"excerpt":{"rendered":"<p>Kalite &#8211; \u00c7evre &#8211; \u0130SG Politikam\u0131z. M\u00fc\u015fterinin ihtiya\u00e7 ve beklentilerini dikkate alarak, m\u00fc\u015fteri memnuniyetini s\u00fcrekli k\u0131lmay\u0131, yap\u0131m kalitesini artt\u0131rmay\u0131 ve kalite kontrol sistemini \u00e7a\u011f\u0131n gerektirdi\u011fi normlarda maksimum seviyede uygulamay\u0131, M\u00fchendislik ve mimari alanlarda uygulanan son teknoloji geli\u015fmeleri yak\u0131ndan takip ederek, \u00e7evre duyarl\u0131l\u0131\u011f\u0131 ve kalitesini s\u00fcrekli artt\u0131rmay\u0131,\u00a0Her seviyedeki profesyonel \u00e7al\u0131\u015fanlar\u0131 ile projelerimizi s\u00fcrd\u00fcr\u00fcrken, \u00e7al\u0131\u015fanlar\u0131n\u0131 periyodik e\u011fitimler [&hellip;]<\/p>\n","protected":false},"author":1,"featured_media":0,"parent":0,"menu_order":0,"comment_status":"closed","ping_status":"closed","template":"","meta":{"footnotes":""},"class_list":["post-7950","page","type-page","status-publish","hentry"],"aioseo_notices":[],"_links":{"self":[{"href":"https:\/\/tahtaligrup.com\/insaat\/wp-json\/wp\/v2\/pages\/7950","targetHints":{"allow":["GET"]}}],"collection":[{"href":"https:\/\/tahtaligrup.com\/insaat\/wp-json\/wp\/v2\/pages"}],"about":[{"href":"https:\/\/tahtaligrup.com\/insaat\/wp-json\/wp\/v2\/types\/page"}],"author":[{"embeddable":true,"href":"https:\/\/tahtaligrup.com\/insaat\/wp-json\/wp\/v2\/users\/1"}],"replies":[{"embeddable":true,"href":"https:\/\/tahtaligrup.com\/insaat\/wp-json\/wp\/v2\/comments?post=7950"}],"version-history":[{"count":3,"href":"https:\/\/tahtaligrup.com\/insaat\/wp-json\/wp\/v2\/pages\/7950\/revisions"}],"predecessor-version":[{"id":14999,"href":"https:\/\/tahtaligrup.com\/insaat\/wp-json\/wp\/v2\/pages\/7950\/revisions\/14999"}],"wp:attachment":[{"href":"https:\/\/tahtaligrup.com\/insaat\/wp-json\/wp\/v2\/media?parent=7950"}],"curies":[{"name":"wp","href":"https:\/\/api.w.org\/{rel}","templated":true}]}}