{"id":9246,"date":"2018-03-23T10:55:50","date_gmt":"2018-03-23T10:55:50","guid":{"rendered":"https:\/\/www.demo.themicart.com\/interico-wp\/?page_id=9246"},"modified":"2018-10-09T14:14:42","modified_gmt":"2018-10-09T14:14:42","slug":"deluxe-dis-gorseller","status":"publish","type":"page","link":"https:\/\/tahtaligrup.com\/insaat\/deluxe-dis-gorseller\/","title":{"rendered":"Tahtal\u0131 Park Deluxe &#8211; D\u0131\u015f G\u00f6rseller"},"content":{"rendered":"<div id=\"pl-9246\"  class=\"panel-layout\" ><div id=\"pg-9246-0\"  class=\"panel-grid panel-no-style\" ><div id=\"pgc-9246-0-0\"  class=\"panel-grid-cell\" ><div id=\"panel-9246-0-0-0\" class=\"so-panel widget widget_sow-editor panel-first-child panel-last-child\" data-index=\"0\" ><div class=\"animate animate-1 panel-widget-style panel-widget-style-for-9246-0-0-0\" ><div\n\t\t\t\n\t\t\tclass=\"so-widget-sow-editor so-widget-sow-editor-base\"\n\t\t\t\n\t\t>\n<div class=\"siteorigin-widget-tinymce textwidget\">\n\t<h2 style=\"text-align: center;\"><strong>D\u0131\u015f G\u00f6rseller.<\/strong><\/h2>\n<div class=\"dash centered style-dark\"><\/div><\/div>\n<\/div><\/div><\/div><\/div><\/div><div id=\"pg-9246-1\"  class=\"panel-grid panel-has-style\" ><div class=\"panel-row-style panel-row-style-for-9246-1\" ><div id=\"pgc-9246-1-0\"  class=\"panel-grid-cell\" ><div id=\"panel-9246-1-0-0\" class=\"so-panel widget widget_sow-editor panel-first-child panel-last-child\" data-index=\"1\" ><div class=\"animate animate-1 panel-widget-style panel-widget-style-for-9246-1-0-0\" ><div\n\t\t\t\n\t\t\tclass=\"so-widget-sow-editor so-widget-sow-editor-base\"\n\t\t\t\n\t\t>\n<div class=\"siteorigin-widget-tinymce textwidget\">\n\t<div id='gallery-1' class='gallery galleryid-9246 gallery-columns-4 gallery-size-medium'><figure class='gallery-item'>\n\t\t\t<div class='gallery-icon landscape'>\n\t\t\t\t<a href='https:\/\/tahtaligrup.com\/insaat\/wp-content\/uploads\/2018\/10\/deluxe1.jpg'><img loading=\"lazy\" decoding=\"async\" width=\"300\" height=\"300\" src=\"https:\/\/tahtaligrup.com\/insaat\/wp-content\/uploads\/2018\/10\/deluxe1-300x300.jpg\" class=\"attachment-medium size-medium\" alt=\"\" srcset=\"https:\/\/tahtaligrup.com\/insaat\/wp-content\/uploads\/2018\/10\/deluxe1-300x300.jpg 300w, https:\/\/tahtaligrup.com\/insaat\/wp-content\/uploads\/2018\/10\/deluxe1-150x150.jpg 150w, https:\/\/tahtaligrup.com\/insaat\/wp-content\/uploads\/2018\/10\/deluxe1-72x72.jpg 72w, https:\/\/tahtaligrup.com\/insaat\/wp-content\/uploads\/2018\/10\/deluxe1-480x480.jpg 480w, https:\/\/tahtaligrup.com\/insaat\/wp-content\/uploads\/2018\/10\/deluxe1-100x100.jpg 100w\" sizes=\"auto, (max-width: 300px) 100vw, 300px\" \/><\/a>\n\t\t\t<\/div><\/figure><figure class='gallery-item'>\n\t\t\t<div class='gallery-icon landscape'>\n\t\t\t\t<a href='https:\/\/tahtaligrup.com\/insaat\/wp-content\/uploads\/2018\/10\/deluxe2.jpg'><img loading=\"lazy\" decoding=\"async\" width=\"300\" height=\"300\" src=\"https:\/\/tahtaligrup.com\/insaat\/wp-content\/uploads\/2018\/10\/deluxe2-300x300.jpg\" class=\"attachment-medium size-medium\" alt=\"\" srcset=\"https:\/\/tahtaligrup.com\/insaat\/wp-content\/uploads\/2018\/10\/deluxe2-300x300.jpg 300w, https:\/\/tahtaligrup.com\/insaat\/wp-content\/uploads\/2018\/10\/deluxe2-150x150.jpg 150w, https:\/\/tahtaligrup.com\/insaat\/wp-content\/uploads\/2018\/10\/deluxe2-72x72.jpg 72w, https:\/\/tahtaligrup.com\/insaat\/wp-content\/uploads\/2018\/10\/deluxe2-480x480.jpg 480w, https:\/\/tahtaligrup.com\/insaat\/wp-content\/uploads\/2018\/10\/deluxe2-100x100.jpg 100w\" sizes=\"auto, (max-width: 300px) 100vw, 300px\" \/><\/a>\n\t\t\t<\/div><\/figure><figure class='gallery-item'>\n\t\t\t<div class='gallery-icon landscape'>\n\t\t\t\t<a href='https:\/\/tahtaligrup.com\/insaat\/wp-content\/uploads\/2018\/10\/deluxe3.jpg'><img loading=\"lazy\" decoding=\"async\" width=\"300\" height=\"300\" src=\"https:\/\/tahtaligrup.com\/insaat\/wp-content\/uploads\/2018\/10\/deluxe3-300x300.jpg\" class=\"attachment-medium size-medium\" alt=\"\" srcset=\"https:\/\/tahtaligrup.com\/insaat\/wp-content\/uploads\/2018\/10\/deluxe3-300x300.jpg 300w, https:\/\/tahtaligrup.com\/insaat\/wp-content\/uploads\/2018\/10\/deluxe3-150x150.jpg 150w, https:\/\/tahtaligrup.com\/insaat\/wp-content\/uploads\/2018\/10\/deluxe3-72x72.jpg 72w, https:\/\/tahtaligrup.com\/insaat\/wp-content\/uploads\/2018\/10\/deluxe3-480x480.jpg 480w, https:\/\/tahtaligrup.com\/insaat\/wp-content\/uploads\/2018\/10\/deluxe3-100x100.jpg 100w\" sizes=\"auto, (max-width: 300px) 100vw, 300px\" \/><\/a>\n\t\t\t<\/div><\/figure><figure class='gallery-item'>\n\t\t\t<div class='gallery-icon landscape'>\n\t\t\t\t<a href='https:\/\/tahtaligrup.com\/insaat\/wp-content\/uploads\/2018\/10\/deluxe4.jpg'><img loading=\"lazy\" decoding=\"async\" width=\"300\" height=\"300\" src=\"https:\/\/tahtaligrup.com\/insaat\/wp-content\/uploads\/2018\/10\/deluxe4-300x300.jpg\" class=\"attachment-medium size-medium\" alt=\"\" srcset=\"https:\/\/tahtaligrup.com\/insaat\/wp-content\/uploads\/2018\/10\/deluxe4-300x300.jpg 300w, https:\/\/tahtaligrup.com\/insaat\/wp-content\/uploads\/2018\/10\/deluxe4-150x150.jpg 150w, https:\/\/tahtaligrup.com\/insaat\/wp-content\/uploads\/2018\/10\/deluxe4-72x72.jpg 72w, https:\/\/tahtaligrup.com\/insaat\/wp-content\/uploads\/2018\/10\/deluxe4-480x480.jpg 480w, https:\/\/tahtaligrup.com\/insaat\/wp-content\/uploads\/2018\/10\/deluxe4-100x100.jpg 100w\" sizes=\"auto, (max-width: 300px) 100vw, 300px\" \/><\/a>\n\t\t\t<\/div><\/figure><figure class='gallery-item'>\n\t\t\t<div class='gallery-icon landscape'>\n\t\t\t\t<a href='https:\/\/tahtaligrup.com\/insaat\/wp-content\/uploads\/2018\/10\/deluxe5.jpg'><img loading=\"lazy\" decoding=\"async\" width=\"300\" height=\"200\" src=\"https:\/\/tahtaligrup.com\/insaat\/wp-content\/uploads\/2018\/10\/deluxe5.jpg\" class=\"attachment-medium size-medium\" alt=\"\" \/><\/a>\n\t\t\t<\/div><\/figure><figure class='gallery-item'>\n\t\t\t<div class='gallery-icon landscape'>\n\t\t\t\t<a href='https:\/\/tahtaligrup.com\/insaat\/wp-content\/uploads\/2018\/10\/deluxe6.jpg'><img loading=\"lazy\" decoding=\"async\" width=\"300\" height=\"300\" src=\"https:\/\/tahtaligrup.com\/insaat\/wp-content\/uploads\/2018\/10\/deluxe6-300x300.jpg\" class=\"attachment-medium size-medium\" alt=\"\" srcset=\"https:\/\/tahtaligrup.com\/insaat\/wp-content\/uploads\/2018\/10\/deluxe6-300x300.jpg 300w, https:\/\/tahtaligrup.com\/insaat\/wp-content\/uploads\/2018\/10\/deluxe6-100x100.jpg 100w, https:\/\/tahtaligrup.com\/insaat\/wp-content\/uploads\/2018\/10\/deluxe6-150x150.jpg 150w, https:\/\/tahtaligrup.com\/insaat\/wp-content\/uploads\/2018\/10\/deluxe6-72x72.jpg 72w, https:\/\/tahtaligrup.com\/insaat\/wp-content\/uploads\/2018\/10\/deluxe6-480x480.jpg 480w\" sizes=\"auto, (max-width: 300px) 100vw, 300px\" \/><\/a>\n\t\t\t<\/div><\/figure><figure class='gallery-item'>\n\t\t\t<div class='gallery-icon landscape'>\n\t\t\t\t<a href='https:\/\/tahtaligrup.com\/insaat\/wp-content\/uploads\/2018\/10\/deluxe7.jpg'><img loading=\"lazy\" decoding=\"async\" width=\"300\" height=\"300\" src=\"https:\/\/tahtaligrup.com\/insaat\/wp-content\/uploads\/2018\/10\/deluxe7-300x300.jpg\" class=\"attachment-medium size-medium\" alt=\"\" srcset=\"https:\/\/tahtaligrup.com\/insaat\/wp-content\/uploads\/2018\/10\/deluxe7-300x300.jpg 300w, https:\/\/tahtaligrup.com\/insaat\/wp-content\/uploads\/2018\/10\/deluxe7-100x100.jpg 100w, https:\/\/tahtaligrup.com\/insaat\/wp-content\/uploads\/2018\/10\/deluxe7-150x150.jpg 150w, https:\/\/tahtaligrup.com\/insaat\/wp-content\/uploads\/2018\/10\/deluxe7-72x72.jpg 72w, https:\/\/tahtaligrup.com\/insaat\/wp-content\/uploads\/2018\/10\/deluxe7-480x480.jpg 480w\" sizes=\"auto, (max-width: 300px) 100vw, 300px\" \/><\/a>\n\t\t\t<\/div><\/figure><figure class='gallery-item'>\n\t\t\t<div class='gallery-icon landscape'>\n\t\t\t\t<a href='https:\/\/tahtaligrup.com\/insaat\/wp-content\/uploads\/2018\/10\/deluxe8.jpg'><img loading=\"lazy\" decoding=\"async\" width=\"300\" height=\"300\" src=\"https:\/\/tahtaligrup.com\/insaat\/wp-content\/uploads\/2018\/10\/deluxe8-300x300.jpg\" class=\"attachment-medium size-medium\" alt=\"\" srcset=\"https:\/\/tahtaligrup.com\/insaat\/wp-content\/uploads\/2018\/10\/deluxe8-300x300.jpg 300w, https:\/\/tahtaligrup.com\/insaat\/wp-content\/uploads\/2018\/10\/deluxe8-100x100.jpg 100w, https:\/\/tahtaligrup.com\/insaat\/wp-content\/uploads\/2018\/10\/deluxe8-150x150.jpg 150w, https:\/\/tahtaligrup.com\/insaat\/wp-content\/uploads\/2018\/10\/deluxe8-72x72.jpg 72w, https:\/\/tahtaligrup.com\/insaat\/wp-content\/uploads\/2018\/10\/deluxe8-480x480.jpg 480w\" sizes=\"auto, (max-width: 300px) 100vw, 300px\" \/><\/a>\n\t\t\t<\/div><\/figure>\n\t\t<\/div>\n\n<\/div>\n<\/div><\/div><\/div><\/div><\/div><\/div><div id=\"pg-9246-2\"  class=\"panel-grid panel-no-style\" ><div id=\"pgc-9246-2-0\"  class=\"panel-grid-cell\" ><div id=\"panel-9246-2-0-0\" class=\"so-panel widget widget_sow-editor panel-first-child panel-last-child\" data-index=\"2\" ><div class=\"animate animate-1 panel-widget-style panel-widget-style-for-9246-2-0-0\" ><div\n\t\t\t\n\t\t\tclass=\"so-widget-sow-editor so-widget-sow-editor-base\"\n\t\t\t\n\t\t>\n<div class=\"siteorigin-widget-tinymce textwidget\">\n\t<h2 style=\"text-align: center;\"><strong>Di\u011fer G\u00f6rseller.<\/strong><\/h2>\n<div class=\"dash centered style-dark\"><\/div><\/div>\n<\/div><\/div><\/div><\/div><\/div><div id=\"pg-9246-3\"  class=\"panel-grid panel-no-style\" ><div id=\"pgc-9246-3-0\"  class=\"panel-grid-cell\" ><div id=\"panel-9246-3-0-0\" class=\"so-panel widget widget_interico_image_box panel-first-child panel-last-child\" data-index=\"3\" ><div class=\"animate animate-1 panel-widget-style panel-widget-style-for-9246-3-0-0\" >\t\t\t\r\n\t\t\r\n\t\t<!-- Begin Service item -->\r\n\t\t\t<div class=\"content-box service-item alignment-centered service-box-default\">\r\n\t\t\t\t<a href=\"https:\/\/tahtaligrup.com\/insaat\/projeler\/tahtali-park-deluxe\/\">\r\n\t\t\t\t\t<div class=\"image-container\">\r\n\t\t\t\t\t\t\t\t\t\t\t\t<div class=\"arrow-box\"><span class=\"icon-arrow-right\"><\/span><\/div>\r\n\t\t\t\t\t\t\t\t\t\t\t\t\t<img decoding=\"async\" src=\"https:\/\/tahtaligrup.com\/insaat\/wp-content\/uploads\/2018\/09\/D\u0131s\u0327Go\u0308rseller.jpg\" alt=\"Projeye D\u00f6n\">\r\n\t\t\t\t\t\t\t\t\t\t\t<\/div>\r\n\t\t\t\t\t<div class=\"content-box-info\">\r\n\t\t\t\t\t\t<h4 class=\"box-heading\">Projeye D\u00f6n<\/h4>\r\n\t\t\t\t\t\t\t\t\t\t\t\t\t\t\t\t\t<\/div>\r\n\t\t\t\t<\/a>\r\n\t\t\t<\/div>\r\n\t\t<!-- End Service item -->\t\r\n\r\n\t\t<\/div><\/div><\/div><div id=\"pgc-9246-3-1\"  class=\"panel-grid-cell\" ><div id=\"panel-9246-3-1-0\" class=\"so-panel widget widget_interico_image_box panel-first-child panel-last-child\" data-index=\"4\" ><div class=\"animate animate-2 panel-widget-style panel-widget-style-for-9246-3-1-0\" >\t\t\t\r\n\t\t\r\n\t\t<!-- Begin Service item -->\r\n\t\t\t<div class=\"content-box service-item alignment-centered service-box-default\">\r\n\t\t\t\t<a href=\"https:\/\/tahtaligrup.com\/insaat\/services\/deluxe-ic-gorseller\/\">\r\n\t\t\t\t\t<div class=\"image-container\">\r\n\t\t\t\t\t\t\t\t\t\t\t\t<div class=\"arrow-box\"><span class=\"icon-arrow-right\"><\/span><\/div>\r\n\t\t\t\t\t\t\t\t\t\t\t\t\t<img decoding=\"async\" src=\"https:\/\/tahtaligrup.com\/insaat\/wp-content\/uploads\/2018\/10\/deluxe-ic.jpg\" alt=\"\u0130\u00e7 G\u00f6rseller\">\r\n\t\t\t\t\t\t\t\t\t\t\t<\/div>\r\n\t\t\t\t\t<div class=\"content-box-info\">\r\n\t\t\t\t\t\t<h4 class=\"box-heading\">\u0130\u00e7 G\u00f6rseller<\/h4>\r\n\t\t\t\t\t\t\t\t\t\t\t\t\t\t\t\t\t<\/div>\r\n\t\t\t\t<\/a>\r\n\t\t\t<\/div>\r\n\t\t<!-- End Service item -->\t\r\n\r\n\t\t<\/div><\/div><\/div><div id=\"pgc-9246-3-2\"  class=\"panel-grid-cell\" ><div id=\"panel-9246-3-2-0\" class=\"so-panel widget widget_interico_image_box panel-first-child panel-last-child\" data-index=\"5\" ><div class=\"animate animate-3 panel-widget-style panel-widget-style-for-9246-3-2-0\" >\t\t\t\r\n\t\t\r\n\t\t<!-- Begin Service item -->\r\n\t\t\t<div class=\"content-box service-item alignment-centered service-box-default\">\r\n\t\t\t\t<a href=\"https:\/\/tahtaligrup.com\/insaat\/services\/deluxe-kat-planlari\/\">\r\n\t\t\t\t\t<div class=\"image-container\">\r\n\t\t\t\t\t\t\t\t\t\t\t\t<div class=\"arrow-box\"><span class=\"icon-arrow-right\"><\/span><\/div>\r\n\t\t\t\t\t\t\t\t\t\t\t\t\t<img decoding=\"async\" src=\"https:\/\/tahtaligrup.com\/insaat\/wp-content\/uploads\/2018\/10\/deluxe-kp2.jpg\" alt=\"Kat Planlar\u0131\">\r\n\t\t\t\t\t\t\t\t\t\t\t<\/div>\r\n\t\t\t\t\t<div class=\"content-box-info\">\r\n\t\t\t\t\t\t<h4 class=\"box-heading\">Kat Planlar\u0131<\/h4>\r\n\t\t\t\t\t\t\t\t\t\t\t\t\t\t\t\t\t<\/div>\r\n\t\t\t\t<\/a>\r\n\t\t\t<\/div>\r\n\t\t<!-- End Service item -->\t\r\n\r\n\t\t<\/div><\/div><\/div><div id=\"pgc-9246-3-3\"  class=\"panel-grid-cell\" ><div id=\"panel-9246-3-3-0\" class=\"so-panel widget widget_interico_image_box panel-first-child panel-last-child\" data-index=\"6\" ><div class=\"animate animate-4 panel-widget-style panel-widget-style-for-9246-3-3-0\" >\t\t\t\r\n\t\t\r\n\t\t<!-- Begin Service item -->\r\n\t\t\t<div class=\"content-box service-item alignment-centered service-box-default\">\r\n\t\t\t\t<a href=\"https:\/\/tahtaligrup.com\/insaat\/services\/deluxe-katalog\/\">\r\n\t\t\t\t\t<div class=\"image-container\">\r\n\t\t\t\t\t\t\t\t\t\t\t\t<div class=\"arrow-box\"><span class=\"icon-arrow-right\"><\/span><\/div>\r\n\t\t\t\t\t\t\t\t\t\t\t\t\t<img decoding=\"async\" src=\"https:\/\/tahtaligrup.com\/insaat\/wp-content\/uploads\/2018\/09\/D\u0131s\u0327Go\u0308rseller.jpg\" alt=\"Katalog\">\r\n\t\t\t\t\t\t\t\t\t\t\t<\/div>\r\n\t\t\t\t\t<div class=\"content-box-info\">\r\n\t\t\t\t\t\t<h4 class=\"box-heading\">Katalog<\/h4>\r\n\t\t\t\t\t\t\t\t\t\t\t\t\t\t\t\t\t<\/div>\r\n\t\t\t\t<\/a>\r\n\t\t\t<\/div>\r\n\t\t<!-- End Service item -->\t\r\n\r\n\t\t<\/div><\/div><\/div><\/div><\/div>","protected":false},"excerpt":{"rendered":"<p>D\u0131\u015f G\u00f6rseller.<\/p>\n","protected":false},"author":1,"featured_media":10877,"parent":0,"menu_order":0,"comment_status":"closed","ping_status":"closed","template":"","meta":{"footnotes":""},"class_list":["post-9246","page","type-page","status-publish","has-post-thumbnail","hentry"],"aioseo_notices":[],"_links":{"self":[{"href":"https:\/\/tahtaligrup.com\/insaat\/wp-json\/wp\/v2\/pages\/9246","targetHints":{"allow":["GET"]}}],"collection":[{"href":"https:\/\/tahtaligrup.com\/insaat\/wp-json\/wp\/v2\/pages"}],"about":[{"href":"https:\/\/tahtaligrup.com\/insaat\/wp-json\/wp\/v2\/types\/page"}],"author":[{"embeddable":true,"href":"https:\/\/tahtaligrup.com\/insaat\/wp-json\/wp\/v2\/users\/1"}],"replies":[{"embeddable":true,"href":"https:\/\/tahtaligrup.com\/insaat\/wp-json\/wp\/v2\/comments?post=9246"}],"version-history":[{"count":0,"href":"https:\/\/tahtaligrup.com\/insaat\/wp-json\/wp\/v2\/pages\/9246\/revisions"}],"wp:featuredmedia":[{"embeddable":true,"href":"https:\/\/tahtaligrup.com\/insaat\/wp-json\/wp\/v2\/media\/10877"}],"wp:attachment":[{"href":"https:\/\/tahtaligrup.com\/insaat\/wp-json\/wp\/v2\/media?parent=9246"}],"curies":[{"name":"wp","href":"https:\/\/api.w.org\/{rel}","templated":true}]}}